{"id":9902,"date":"2019-06-14T14:39:31","date_gmt":"2019-06-14T12:39:31","guid":{"rendered":"http:\/\/vintageguitars.fr\/en\/product\/fender-stratocaster-10\/"},"modified":"2019-08-01T10:04:18","modified_gmt":"2019-08-01T08:04:18","slug":"fender-stratocaster-10","status":"publish","type":"product","link":"https:\/\/vintageguitars.fr\/en\/produit\/fender-stratocaster-10\/","title":{"rendered":"Fender Stratocaster"},"content":{"rendered":"<p>Une des premi\u00e8res Slab board. Cette guitare est en grande partie originale. Les seules pi\u00e8ces chang\u00e9es sont le potard de volume et le jack. Le c\u00e2blage fut modifi\u00e9e et 2 mini switch install\u00e9s, probablement pour coupler les 2 micros aigus en un humbucker. Les micros black bottom sont fabuleux, ils n&#8217;ont pas \u00e9t\u00e9 rebobin\u00e9s. Le sch\u00e9ma de c\u00e2blage a \u00e9t\u00e9 refait comme il se doit avec un 5 positions. La capacit\u00e9 en papier est toujours pr\u00e9sente. Les potards de tonalit\u00e9 datent de la 20\u00e8me semaine de 1959. Le corps de l&#8217;instrument a \u00e9t\u00e9 reverni en d\u00e9but d&#8217;ann\u00e9e par Patrice Blanc, c&#8217;est un travail fid\u00e8le \u00e0 l&#8217;esprit d&#8217;une 59. Vernis cellulo bien s\u00fbr. Le manche est original, il poss\u00e8de m\u00eame les frettes d&#8217;origine qui ont encore de la mati\u00e8re et sont tr\u00e8s agr\u00e9able \u00e0 jouer.\u00a0Elle a le son d&#8217;une 59, bien rond, tr\u00e8s chaud, presque suave, rien \u00e0 voir avec une maple neck ou une 60s rosewood. C&#8217;est tr\u00e8s beau. \u00a0Elle est fourni avec son \u00e9tui rigide original, ce qui n&#8217;est pas un d\u00e9tail vu la cote de l&#8217;\u00e9tui seul&#8230;<\/p>\n","protected":false},"excerpt":{"rendered":"<p>Une des premi\u00e8res Slab board. Cette guitare est en grande partie originale. Les seules pi\u00e8ces chang\u00e9es sont le potard de volume et le jack. Le c\u00e2blage fut modifi\u00e9e et 2 mini switch install\u00e9s, probablement pour coupler les 2 micros aigus en un humbucker. Les micros black bottom sont fabuleux, ils n&#8217;ont pas \u00e9t\u00e9 rebobin\u00e9s. Le [&hellip;]<\/p>\n","protected":false},"featured_media":9887,"template":"","meta":{"_acf_changed":false},"product_brand":[],"product_cat":[18,8,30],"product_tag":[],"class_list":{"0":"post-9902","1":"product","2":"type-product","3":"status-publish","4":"has-post-thumbnail","6":"product_cat-electric","7":"product_cat-guitars","8":"product_cat-sold","10":"first","11":"instock","12":"shipping-taxable","13":"purchasable","14":"product-type-simple"},"acf":[],"_links":{"self":[{"href":"https:\/\/vintageguitars.fr\/en\/wp-json\/wp\/v2\/product\/9902","targetHints":{"allow":["GET"]}}],"collection":[{"href":"https:\/\/vintageguitars.fr\/en\/wp-json\/wp\/v2\/product"}],"about":[{"href":"https:\/\/vintageguitars.fr\/en\/wp-json\/wp\/v2\/types\/product"}],"wp:featuredmedia":[{"embeddable":true,"href":"https:\/\/vintageguitars.fr\/en\/wp-json\/wp\/v2\/media\/9887"}],"wp:attachment":[{"href":"https:\/\/vintageguitars.fr\/en\/wp-json\/wp\/v2\/media?parent=9902"}],"wp:term":[{"taxonomy":"product_brand","embeddable":true,"href":"https:\/\/vintageguitars.fr\/en\/wp-json\/wp\/v2\/product_brand?post=9902"},{"taxonomy":"product_cat","embeddable":true,"href":"https:\/\/vintageguitars.fr\/en\/wp-json\/wp\/v2\/product_cat?post=9902"},{"taxonomy":"product_tag","embeddable":true,"href":"https:\/\/vintageguitars.fr\/en\/wp-json\/wp\/v2\/product_tag?post=9902"}],"curies":[{"name":"wp","href":"https:\/\/api.w.org\/{rel}","templated":true}]}}