{"id":9826,"date":"2019-10-09T11:51:10","date_gmt":"2019-10-09T09:51:10","guid":{"rendered":"http:\/\/vintageguitars.fr\/en\/product\/fender-duosonic-2\/"},"modified":"2020-01-08T13:32:23","modified_gmt":"2020-01-08T12:32:23","slug":"fender-duosonic-2","status":"publish","type":"product","link":"https:\/\/vintageguitars.fr\/en\/produit\/fender-duosonic-2\/","title":{"rendered":"Fender Duosonic"},"content":{"rendered":"<p>Mod\u00e8le tr\u00e8s sympa, avec un petit diapason et un son bien 50s Fender.Le manche, la plaque arri\u00e8re, le pickguard et l&#8217;\u00e9l\u00e9ctronique datent de 1958.\u00a0Le manche porte la mention manuscrite 5-58. Le corps, lui, date plut\u00f4t de la phase 1959-60 avec 12 trous de vis pour le pickguard. L&#8217;\u00e9l\u00e9ctronique est original \u00e0 l&#8217;exception du potard de volume, de son bouton et du s\u00e9lecteur de position. C&#8217;est un instrument facile \u00e0 jouer et qui sonne tr\u00e8s bien, il est \u00e9quip\u00e9 de 2 micros black bottoms originaux qui n&#8217;ont pas \u00e9t\u00e9 rebobin\u00e9s. Des traces de peinture blanche sur le talon du manche (et sur la plaque de fixation) laissent penser qu&#8217;il fut un moment mont\u00e9 sur un corps blanc, mais pas celui-ci visiblement puisque sa peinture est originale. Il fut ensuite remont\u00e9 avec son pickguard sur ce corps de 59. C&#8217;est probablement l&#8217;explication la plus logique \u00e0 cette pr\u00e9sence de peinture et aux 4 trous de pickguard suppl\u00e9mentaires ( 1959-61). Peut \u00eatre fut-il renvoy\u00e9 chez Fender pour \u00eatre repeint, c&#8217;est une service que proposait Fender jusqu&#8217;\u00e0 la fin des ann\u00e9es 60, et on sait qu&#8217;ils changeaient souvent carr\u00e9ment les pi\u00e8ces plut\u00f4t que de les repeindre&#8230;Quoiqu&#8217;il en soit il s&#8217;agit d&#8217;un instrument avec des pi\u00e8ces d&#8217;\u00e9poques Fender authentiques et qui n&#8217;a pas \u00e9t\u00e9 reverni. L&#8217;int\u00e9rieur de l&#8217;\u00e9tui original a \u00e9t\u00e9 retapiss\u00e9 par un professionnel et est en bon \u00e9tat.<\/p>\n","protected":false},"excerpt":{"rendered":"<p>Mod\u00e8le tr\u00e8s sympa, avec un petit diapason et un son bien 50s Fender.Le manche, la plaque arri\u00e8re, le pickguard et l&#8217;\u00e9l\u00e9ctronique datent de 1958.\u00a0Le manche porte la mention manuscrite 5-58. Le corps, lui, date plut\u00f4t de la phase 1959-60 avec 12 trous de vis pour le pickguard. L&#8217;\u00e9l\u00e9ctronique est original \u00e0 l&#8217;exception du potard de [&hellip;]<\/p>\n","protected":false},"featured_media":9823,"template":"","meta":{"_acf_changed":false},"product_brand":[],"product_cat":[18,8,30],"product_tag":[],"class_list":{"0":"post-9826","1":"product","2":"type-product","3":"status-publish","4":"has-post-thumbnail","6":"product_cat-electric","7":"product_cat-guitars","8":"product_cat-sold","10":"first","11":"instock","12":"shipping-taxable","13":"purchasable","14":"product-type-simple"},"acf":[],"_links":{"self":[{"href":"https:\/\/vintageguitars.fr\/en\/wp-json\/wp\/v2\/product\/9826","targetHints":{"allow":["GET"]}}],"collection":[{"href":"https:\/\/vintageguitars.fr\/en\/wp-json\/wp\/v2\/product"}],"about":[{"href":"https:\/\/vintageguitars.fr\/en\/wp-json\/wp\/v2\/types\/product"}],"wp:featuredmedia":[{"embeddable":true,"href":"https:\/\/vintageguitars.fr\/en\/wp-json\/wp\/v2\/media\/9823"}],"wp:attachment":[{"href":"https:\/\/vintageguitars.fr\/en\/wp-json\/wp\/v2\/media?parent=9826"}],"wp:term":[{"taxonomy":"product_brand","embeddable":true,"href":"https:\/\/vintageguitars.fr\/en\/wp-json\/wp\/v2\/product_brand?post=9826"},{"taxonomy":"product_cat","embeddable":true,"href":"https:\/\/vintageguitars.fr\/en\/wp-json\/wp\/v2\/product_cat?post=9826"},{"taxonomy":"product_tag","embeddable":true,"href":"https:\/\/vintageguitars.fr\/en\/wp-json\/wp\/v2\/product_tag?post=9826"}],"curies":[{"name":"wp","href":"https:\/\/api.w.org\/{rel}","templated":true}]}}