{"id":9693,"date":"2019-05-15T10:43:58","date_gmt":"2019-05-15T08:43:58","guid":{"rendered":"http:\/\/vintageguitars.fr\/en\/product\/fender-stratocaster-9\/"},"modified":"2019-07-06T12:38:32","modified_gmt":"2019-07-06T10:38:32","slug":"fender-stratocaster-9","status":"publish","type":"product","link":"https:\/\/vintageguitars.fr\/en\/produit\/fender-stratocaster-9\/","title":{"rendered":"Fender Stratocaster"},"content":{"rendered":"<p><strong>VENDUE<\/strong><\/p>\n<p>&nbsp;<\/p>\n<p>Bel instrument qui fut reverni par Jacobacci en 1982. Le choix de la teinte correspond tout \u00e0 fait \u00e0 ce qu&#8217;il doit \u00eatre sur une Stratocaster de 1963 et nous l&#8217;en remercions. Tous les \u00e9l\u00e9ments de la guitare sont originaux, \u00e0 l&#8217;exception du s\u00e9lecteur de position et du sillet, les originaux \u00e9tant conserv\u00e9s dans l&#8217;\u00e9tui rigide original. Les micros black bobin sonnent tr\u00e8s bien, l&#8217;\u00e9lectronique fonctionne sans probl\u00e8me, le manche est droit comme un i, que du bonheur.<\/p>\n","protected":false},"excerpt":{"rendered":"<p>VENDUE &nbsp; Bel instrument qui fut reverni par Jacobacci en 1982. Le choix de la teinte correspond tout \u00e0 fait \u00e0 ce qu&#8217;il doit \u00eatre sur une Stratocaster de 1963 et nous l&#8217;en remercions. Tous les \u00e9l\u00e9ments de la guitare sont originaux, \u00e0 l&#8217;exception du s\u00e9lecteur de position et du sillet, les originaux \u00e9tant conserv\u00e9s [&hellip;]<\/p>\n","protected":false},"featured_media":9676,"template":"","meta":{"_acf_changed":false},"product_brand":[],"product_cat":[18,8,30],"product_tag":[],"class_list":{"0":"post-9693","1":"product","2":"type-product","3":"status-publish","4":"has-post-thumbnail","6":"product_cat-electric","7":"product_cat-guitars","8":"product_cat-sold","10":"first","11":"instock","12":"shipping-taxable","13":"product-type-simple"},"acf":[],"_links":{"self":[{"href":"https:\/\/vintageguitars.fr\/en\/wp-json\/wp\/v2\/product\/9693","targetHints":{"allow":["GET"]}}],"collection":[{"href":"https:\/\/vintageguitars.fr\/en\/wp-json\/wp\/v2\/product"}],"about":[{"href":"https:\/\/vintageguitars.fr\/en\/wp-json\/wp\/v2\/types\/product"}],"wp:featuredmedia":[{"embeddable":true,"href":"https:\/\/vintageguitars.fr\/en\/wp-json\/wp\/v2\/media\/9676"}],"wp:attachment":[{"href":"https:\/\/vintageguitars.fr\/en\/wp-json\/wp\/v2\/media?parent=9693"}],"wp:term":[{"taxonomy":"product_brand","embeddable":true,"href":"https:\/\/vintageguitars.fr\/en\/wp-json\/wp\/v2\/product_brand?post=9693"},{"taxonomy":"product_cat","embeddable":true,"href":"https:\/\/vintageguitars.fr\/en\/wp-json\/wp\/v2\/product_cat?post=9693"},{"taxonomy":"product_tag","embeddable":true,"href":"https:\/\/vintageguitars.fr\/en\/wp-json\/wp\/v2\/product_tag?post=9693"}],"curies":[{"name":"wp","href":"https:\/\/api.w.org\/{rel}","templated":true}]}}