{"id":9565,"date":"2019-04-26T12:19:47","date_gmt":"2019-04-26T10:19:47","guid":{"rendered":"http:\/\/vintageguitars.fr\/en\/product\/selmer-zodiac-twin-fifty-2x12\/"},"modified":"2021-11-05T08:21:53","modified_gmt":"2021-11-05T07:21:53","slug":"selmer-zodiac-twin-fifty-2x12","status":"publish","type":"product","link":"https:\/\/vintageguitars.fr\/en\/produit\/selmer-zodiac-twin-fifty-2x12\/","title":{"rendered":"Selmer Zodiac Twin Fifty 2&#215;12"},"content":{"rendered":"<p>Croc skin combo avec une paire de Goodman originaux. Un de mes amplis pr\u00e9f\u00e9r\u00e9s. Le vibrato est d\u00e9mentiel, le son d&#8217;une richesse et d&#8217;une profondeur incroyable. Il rugit. Un des meilleurs amplis des ann\u00e9es 60 sans conteste.<\/p>\n<p>3200 euros<\/p>\n","protected":false},"excerpt":{"rendered":"<p>Croc skin combo avec une paire de Goodman originaux. Un de mes amplis pr\u00e9f\u00e9r\u00e9s. Le vibrato est d\u00e9mentiel, le son d&#8217;une richesse et d&#8217;une profondeur incroyable. Il rugit. Un des meilleurs amplis des ann\u00e9es 60 sans conteste. 3200 euros<\/p>\n","protected":false},"featured_media":9550,"template":"","meta":{"_acf_changed":false},"product_brand":[],"product_cat":[22,30],"product_tag":[],"class_list":{"0":"post-9565","1":"product","2":"type-product","3":"status-publish","4":"has-post-thumbnail","6":"product_cat-amps","7":"product_cat-sold","9":"first","10":"instock","11":"featured","12":"shipping-taxable","13":"product-type-simple"},"acf":[],"_links":{"self":[{"href":"https:\/\/vintageguitars.fr\/en\/wp-json\/wp\/v2\/product\/9565","targetHints":{"allow":["GET"]}}],"collection":[{"href":"https:\/\/vintageguitars.fr\/en\/wp-json\/wp\/v2\/product"}],"about":[{"href":"https:\/\/vintageguitars.fr\/en\/wp-json\/wp\/v2\/types\/product"}],"wp:featuredmedia":[{"embeddable":true,"href":"https:\/\/vintageguitars.fr\/en\/wp-json\/wp\/v2\/media\/9550"}],"wp:attachment":[{"href":"https:\/\/vintageguitars.fr\/en\/wp-json\/wp\/v2\/media?parent=9565"}],"wp:term":[{"taxonomy":"product_brand","embeddable":true,"href":"https:\/\/vintageguitars.fr\/en\/wp-json\/wp\/v2\/product_brand?post=9565"},{"taxonomy":"product_cat","embeddable":true,"href":"https:\/\/vintageguitars.fr\/en\/wp-json\/wp\/v2\/product_cat?post=9565"},{"taxonomy":"product_tag","embeddable":true,"href":"https:\/\/vintageguitars.fr\/en\/wp-json\/wp\/v2\/product_tag?post=9565"}],"curies":[{"name":"wp","href":"https:\/\/api.w.org\/{rel}","templated":true}]}}