{"id":9498,"date":"2019-12-12T22:10:15","date_gmt":"2019-12-12T21:10:15","guid":{"rendered":"http:\/\/vintageguitars.fr\/en\/product\/national-style-0-spanish-neck\/"},"modified":"2020-02-14T14:51:19","modified_gmt":"2020-02-14T13:51:19","slug":"national-style-0-spanish-neck","status":"publish","type":"product","link":"https:\/\/vintageguitars.fr\/en\/produit\/national-style-0-spanish-neck\/","title":{"rendered":"National Style O Spanish Neck"},"content":{"rendered":"<p>Beau Style O au design peu courant. La petite t\u00eate, le manche 14 cases et le design de la caisse rappellent fortement celui de Mark Knopfler \u00e0 un d\u00e9tail pr\u00e8s, celui-ci n&#8217;a pas les palmiers sur le c\u00f4t\u00e9. C&#8217;est un instrument en tr\u00e8s bon \u00e9tat, tr\u00e8s propre.\u00a0Pas de casse ou de r\u00e9paration, si ce n&#8217;est une petite injection de colle au niveau du talon, il sort tout juste de chez Mike Lewis. Autant dire qu&#8217;il est r\u00e9gl\u00e9 comme un avion de chasse. Toutes les pi\u00e8ces d&#8217;accastillage sont originales, le c\u00f4ne l&#8217;est \u00e9galement, et il a gard\u00e9 tout son r\u00e9pondant. Le manche est bien droit et permet aussi bien le jeu au bottleneck qu&#8217;aux doigts. C&#8217;est un instrument avec une belle projection et une jolie reverb. En \u00e9tui original.<\/p>\n","protected":false},"excerpt":{"rendered":"<p>Beau Style O au design peu courant. La petite t\u00eate, le manche 14 cases et le design de la caisse rappellent fortement celui de Mark Knopfler \u00e0 un d\u00e9tail pr\u00e8s, celui-ci n&#8217;a pas les palmiers sur le c\u00f4t\u00e9. C&#8217;est un instrument en tr\u00e8s bon \u00e9tat, tr\u00e8s propre.\u00a0Pas de casse ou de r\u00e9paration, si ce n&#8217;est [&hellip;]<\/p>\n","protected":false},"featured_media":9491,"template":"","meta":{"_acf_changed":false},"product_brand":[],"product_cat":[15,8,14,30],"product_tag":[],"class_list":{"0":"post-9498","1":"product","2":"type-product","3":"status-publish","4":"has-post-thumbnail","6":"product_cat-accoustic","7":"product_cat-guitars","8":"product_cat-other","9":"product_cat-sold","11":"first","12":"instock","13":"shipping-taxable","14":"purchasable","15":"product-type-simple"},"acf":[],"_links":{"self":[{"href":"https:\/\/vintageguitars.fr\/en\/wp-json\/wp\/v2\/product\/9498","targetHints":{"allow":["GET"]}}],"collection":[{"href":"https:\/\/vintageguitars.fr\/en\/wp-json\/wp\/v2\/product"}],"about":[{"href":"https:\/\/vintageguitars.fr\/en\/wp-json\/wp\/v2\/types\/product"}],"wp:featuredmedia":[{"embeddable":true,"href":"https:\/\/vintageguitars.fr\/en\/wp-json\/wp\/v2\/media\/9491"}],"wp:attachment":[{"href":"https:\/\/vintageguitars.fr\/en\/wp-json\/wp\/v2\/media?parent=9498"}],"wp:term":[{"taxonomy":"product_brand","embeddable":true,"href":"https:\/\/vintageguitars.fr\/en\/wp-json\/wp\/v2\/product_brand?post=9498"},{"taxonomy":"product_cat","embeddable":true,"href":"https:\/\/vintageguitars.fr\/en\/wp-json\/wp\/v2\/product_cat?post=9498"},{"taxonomy":"product_tag","embeddable":true,"href":"https:\/\/vintageguitars.fr\/en\/wp-json\/wp\/v2\/product_tag?post=9498"}],"curies":[{"name":"wp","href":"https:\/\/api.w.org\/{rel}","templated":true}]}}