{"id":9395,"date":"2019-04-11T11:02:34","date_gmt":"2019-04-11T09:02:34","guid":{"rendered":"http:\/\/vintageguitars.fr\/en\/product\/martin-00-17-2\/"},"modified":"2019-05-17T08:36:24","modified_gmt":"2019-05-17T06:36:24","slug":"martin-00-17-2","status":"publish","type":"product","link":"https:\/\/vintageguitars.fr\/en\/produit\/martin-00-17-2\/","title":{"rendered":"Martin 2-17"},"content":{"rendered":"<p>La 2-17 \u00e9tait le mod\u00e8le le plus populaire du catalogue de la marque \u00e0 la fin des ann\u00e9es 20. Le premier \u00e0 \u00eatre con\u00e7u pour cordes en acier et aussi le plus vendu puisqu&#8217;il repr\u00e9senta jusqu&#8217;\u00e0 plus d&#8217;un quart de la production au milieu des ann\u00e9es 20. Cette parlor de 90 ans d&#8217;\u00e2ge est en tr\u00e8s bon \u00e9tat. C&#8217;est un instrument l\u00e9ger comme une plume ( 1120 grammes) avec une projection impressionnante et surtout un timbre si plaisant, l\u00e9g\u00e8rement compress\u00e9 mais aussi tr\u00e8s ouvert. Pas de fracture ou de fentes. Le chevalet d&#8217;origine a \u00e9t\u00e9 recoll\u00e9 mais il n&#8217;est pas endommag\u00e9. L&#8217;action est bonne et le frettes sont d&#8217;un niveau correct. La guitare est tr\u00e8s agr\u00e9able \u00e0 jouer, avec ce son en m\u00eame temps, c&#8217;est difficile de ne pas l&#8217;appr\u00e9cier. Elle est fournie avec un \u00e9tui croco Gibson.<\/p>\n","protected":false},"excerpt":{"rendered":"<p>La 2-17 \u00e9tait le mod\u00e8le le plus populaire du catalogue de la marque \u00e0 la fin des ann\u00e9es 20. Le premier \u00e0 \u00eatre con\u00e7u pour cordes en acier et aussi le plus vendu puisqu&#8217;il repr\u00e9senta jusqu&#8217;\u00e0 plus d&#8217;un quart de la production au milieu des ann\u00e9es 20. Cette parlor de 90 ans d&#8217;\u00e2ge est en [&hellip;]<\/p>\n","protected":false},"featured_media":9382,"template":"","meta":{"_acf_changed":false},"product_brand":[],"product_cat":[15,8,30],"product_tag":[],"class_list":{"0":"post-9395","1":"product","2":"type-product","3":"status-publish","4":"has-post-thumbnail","6":"product_cat-accoustic","7":"product_cat-guitars","8":"product_cat-sold","10":"first","11":"instock","12":"shipping-taxable","13":"purchasable","14":"product-type-simple"},"acf":[],"_links":{"self":[{"href":"https:\/\/vintageguitars.fr\/en\/wp-json\/wp\/v2\/product\/9395","targetHints":{"allow":["GET"]}}],"collection":[{"href":"https:\/\/vintageguitars.fr\/en\/wp-json\/wp\/v2\/product"}],"about":[{"href":"https:\/\/vintageguitars.fr\/en\/wp-json\/wp\/v2\/types\/product"}],"wp:featuredmedia":[{"embeddable":true,"href":"https:\/\/vintageguitars.fr\/en\/wp-json\/wp\/v2\/media\/9382"}],"wp:attachment":[{"href":"https:\/\/vintageguitars.fr\/en\/wp-json\/wp\/v2\/media?parent=9395"}],"wp:term":[{"taxonomy":"product_brand","embeddable":true,"href":"https:\/\/vintageguitars.fr\/en\/wp-json\/wp\/v2\/product_brand?post=9395"},{"taxonomy":"product_cat","embeddable":true,"href":"https:\/\/vintageguitars.fr\/en\/wp-json\/wp\/v2\/product_cat?post=9395"},{"taxonomy":"product_tag","embeddable":true,"href":"https:\/\/vintageguitars.fr\/en\/wp-json\/wp\/v2\/product_tag?post=9395"}],"curies":[{"name":"wp","href":"https:\/\/api.w.org\/{rel}","templated":true}]}}