{"id":9231,"date":"2019-01-28T13:30:12","date_gmt":"2019-01-28T12:30:12","guid":{"rendered":"http:\/\/vintageguitars.fr\/en\/product\/gibson-les-paul-standard-custom-shop\/"},"modified":"2021-02-06T17:59:49","modified_gmt":"2021-02-06T16:59:49","slug":"gibson-les-paul-standard-custom-shop","status":"publish","type":"product","link":"https:\/\/vintageguitars.fr\/en\/produit\/gibson-les-paul-standard-custom-shop\/","title":{"rendered":"Gibson Les Paul standard custom shop"},"content":{"rendered":"<p>Mod\u00e8le command\u00e9 par le c\u00e9l\u00e8bre guitariste am\u00e9ricain G.E. Smith en 1996. Nous disposons d&#8217;une photo du guitariste avec la guitare et Gibson nous a r\u00e9cemment transmis les sp\u00e9cifications du custom shop de l&#8217;\u00e9poque:<\/p>\n<p>ST LP STD AA TOP, R8 HCSB NAT BACK,NCK,RIMS,NKL STOP BAR TLPC 2 ZEBRA COIL PUB<\/p>\n<p>L&#8217;\u00e9rable de la table est tr\u00e8s beau et tr\u00e8s flamm\u00e9. C&#8217;est une guitare facile \u00e0 jouer, agr\u00e9able et qui a toute sa place dans notre boutique puisque la qualit\u00e9 est l\u00e0. 2 micros PAFs Zebra qui sonnent. Etui rigide original. Compar\u00e9 \u00e0 ce que vous pouvez trouver en neuf pour le m\u00eame prix, \u00e0 mon avis le choix est vite fait&#8230;<\/p>\n","protected":false},"excerpt":{"rendered":"<p>Mod\u00e8le command\u00e9 par le c\u00e9l\u00e8bre guitariste am\u00e9ricain G.E. Smith en 1996. Nous disposons d&#8217;une photo du guitariste avec la guitare et Gibson nous a r\u00e9cemment transmis les sp\u00e9cifications du custom shop de l&#8217;\u00e9poque: ST LP STD AA TOP, R8 HCSB NAT BACK,NCK,RIMS,NKL STOP BAR TLPC 2 ZEBRA COIL PUB L&#8217;\u00e9rable de la table est tr\u00e8s [&hellip;]<\/p>\n","protected":false},"featured_media":9228,"template":"","meta":{"_acf_changed":false},"product_brand":[],"product_cat":[17,8,30],"product_tag":[],"class_list":{"0":"post-9231","1":"product","2":"type-product","3":"status-publish","4":"has-post-thumbnail","6":"product_cat-contemporary","7":"product_cat-guitars","8":"product_cat-sold","10":"first","11":"instock","12":"shipping-taxable","13":"purchasable","14":"product-type-simple"},"acf":[],"_links":{"self":[{"href":"https:\/\/vintageguitars.fr\/en\/wp-json\/wp\/v2\/product\/9231","targetHints":{"allow":["GET"]}}],"collection":[{"href":"https:\/\/vintageguitars.fr\/en\/wp-json\/wp\/v2\/product"}],"about":[{"href":"https:\/\/vintageguitars.fr\/en\/wp-json\/wp\/v2\/types\/product"}],"wp:featuredmedia":[{"embeddable":true,"href":"https:\/\/vintageguitars.fr\/en\/wp-json\/wp\/v2\/media\/9228"}],"wp:attachment":[{"href":"https:\/\/vintageguitars.fr\/en\/wp-json\/wp\/v2\/media?parent=9231"}],"wp:term":[{"taxonomy":"product_brand","embeddable":true,"href":"https:\/\/vintageguitars.fr\/en\/wp-json\/wp\/v2\/product_brand?post=9231"},{"taxonomy":"product_cat","embeddable":true,"href":"https:\/\/vintageguitars.fr\/en\/wp-json\/wp\/v2\/product_cat?post=9231"},{"taxonomy":"product_tag","embeddable":true,"href":"https:\/\/vintageguitars.fr\/en\/wp-json\/wp\/v2\/product_tag?post=9231"}],"curies":[{"name":"wp","href":"https:\/\/api.w.org\/{rel}","templated":true}]}}