{"id":9201,"date":"2019-03-28T09:47:14","date_gmt":"2019-03-28T08:47:14","guid":{"rendered":"http:\/\/vintageguitars.fr\/en\/product\/fender-harvard\/"},"modified":"2019-06-08T18:18:39","modified_gmt":"2019-06-08T16:18:39","slug":"fender-harvard","status":"publish","type":"product","link":"https:\/\/vintageguitars.fr\/en\/produit\/fender-harvard\/","title":{"rendered":"Fender Harvard"},"content":{"rendered":"<p>Toutes pi\u00e8ces d&#8217;origine: transfos, speaker, tube chart, tweed, poign\u00e9e cuir. 110V. 3 condensateurs remplac\u00e9s c&#8217;est tout. Sonne du tonnerre.<\/p>\n","protected":false},"excerpt":{"rendered":"<p>Toutes pi\u00e8ces d&#8217;origine: transfos, speaker, tube chart, tweed, poign\u00e9e cuir. 110V. 3 condensateurs remplac\u00e9s c&#8217;est tout. Sonne du tonnerre.<\/p>\n","protected":false},"featured_media":9328,"template":"","meta":{"_acf_changed":false},"product_brand":[],"product_cat":[22,30],"product_tag":[],"class_list":{"0":"post-9201","1":"product","2":"type-product","3":"status-publish","4":"has-post-thumbnail","6":"product_cat-amps","7":"product_cat-sold","9":"first","10":"instock","11":"shipping-taxable","12":"purchasable","13":"product-type-simple"},"acf":[],"_links":{"self":[{"href":"https:\/\/vintageguitars.fr\/en\/wp-json\/wp\/v2\/product\/9201","targetHints":{"allow":["GET"]}}],"collection":[{"href":"https:\/\/vintageguitars.fr\/en\/wp-json\/wp\/v2\/product"}],"about":[{"href":"https:\/\/vintageguitars.fr\/en\/wp-json\/wp\/v2\/types\/product"}],"wp:featuredmedia":[{"embeddable":true,"href":"https:\/\/vintageguitars.fr\/en\/wp-json\/wp\/v2\/media\/9328"}],"wp:attachment":[{"href":"https:\/\/vintageguitars.fr\/en\/wp-json\/wp\/v2\/media?parent=9201"}],"wp:term":[{"taxonomy":"product_brand","embeddable":true,"href":"https:\/\/vintageguitars.fr\/en\/wp-json\/wp\/v2\/product_brand?post=9201"},{"taxonomy":"product_cat","embeddable":true,"href":"https:\/\/vintageguitars.fr\/en\/wp-json\/wp\/v2\/product_cat?post=9201"},{"taxonomy":"product_tag","embeddable":true,"href":"https:\/\/vintageguitars.fr\/en\/wp-json\/wp\/v2\/product_tag?post=9201"}],"curies":[{"name":"wp","href":"https:\/\/api.w.org\/{rel}","templated":true}]}}