{"id":9136,"date":"2019-03-28T09:18:59","date_gmt":"2019-03-28T08:18:59","guid":{"rendered":"http:\/\/vintageguitars.fr\/en\/product\/gibson-es-330-sparkling-burgundy\/"},"modified":"2019-04-09T19:14:34","modified_gmt":"2019-04-09T17:14:34","slug":"gibson-es-330-sparkling-burgundy","status":"publish","type":"product","link":"https:\/\/vintageguitars.fr\/en\/produit\/gibson-es-330-sparkling-burgundy\/","title":{"rendered":"Gibson ES-330 Sparkling Burgundy"},"content":{"rendered":"<p>Ramen\u00e9e de New York par Brian Setzer au d\u00e9but des ann\u00e9es 70, cette 330 a ensuite \u00e9t\u00e9 en tourn\u00e9e avec Mick Taylor et les Stones pendant un an. A peine arriv\u00e9e \u00e0 Rennes et d\u00e9j\u00e0 repartie.<\/p>\n","protected":false},"excerpt":{"rendered":"<p>Ramen\u00e9e de New York par Brian Setzer au d\u00e9but des ann\u00e9es 70, cette 330 a ensuite \u00e9t\u00e9 en tourn\u00e9e avec Mick Taylor et les Stones pendant un an. A peine arriv\u00e9e \u00e0 Rennes et d\u00e9j\u00e0 repartie.<\/p>\n","protected":false},"featured_media":9135,"template":"","meta":{"_acf_changed":false},"product_brand":[],"product_cat":[18,8,30],"product_tag":[],"class_list":{"0":"post-9136","1":"product","2":"type-product","3":"status-publish","4":"has-post-thumbnail","6":"product_cat-electric","7":"product_cat-guitars","8":"product_cat-sold","10":"first","11":"instock","12":"shipping-taxable","13":"product-type-simple"},"acf":[],"_links":{"self":[{"href":"https:\/\/vintageguitars.fr\/en\/wp-json\/wp\/v2\/product\/9136","targetHints":{"allow":["GET"]}}],"collection":[{"href":"https:\/\/vintageguitars.fr\/en\/wp-json\/wp\/v2\/product"}],"about":[{"href":"https:\/\/vintageguitars.fr\/en\/wp-json\/wp\/v2\/types\/product"}],"wp:featuredmedia":[{"embeddable":true,"href":"https:\/\/vintageguitars.fr\/en\/wp-json\/wp\/v2\/media\/9135"}],"wp:attachment":[{"href":"https:\/\/vintageguitars.fr\/en\/wp-json\/wp\/v2\/media?parent=9136"}],"wp:term":[{"taxonomy":"product_brand","embeddable":true,"href":"https:\/\/vintageguitars.fr\/en\/wp-json\/wp\/v2\/product_brand?post=9136"},{"taxonomy":"product_cat","embeddable":true,"href":"https:\/\/vintageguitars.fr\/en\/wp-json\/wp\/v2\/product_cat?post=9136"},{"taxonomy":"product_tag","embeddable":true,"href":"https:\/\/vintageguitars.fr\/en\/wp-json\/wp\/v2\/product_tag?post=9136"}],"curies":[{"name":"wp","href":"https:\/\/api.w.org\/{rel}","templated":true}]}}