{"id":8982,"date":"2019-03-09T18:02:12","date_gmt":"2019-03-09T17:02:12","guid":{"rendered":"http:\/\/vintageguitars.fr\/en\/product\/gibson-es-355\/"},"modified":"2019-09-24T16:24:18","modified_gmt":"2019-09-24T14:24:18","slug":"gibson-es-355","status":"publish","type":"product","link":"https:\/\/vintageguitars.fr\/en\/produit\/gibson-es-355\/","title":{"rendered":"Gibson Es-355"},"content":{"rendered":"<p>Pas facile de mettre la main sur une 355 de cette \u00e9poque. Celle-ci a eu quelques modifications d&#8217;accessoires mais l&#8217;essentiel est l\u00e0: 2 pafs originaux qui sonnent terrible, les couvercles ont \u00e9t\u00e9 enlev\u00e9s puis remis. L&#8217;un des micros poss\u00e8de son \u00e9tiquette PAF enti\u00e8re, sur l&#8217;autre elle est partielle.\u00a0Le manche large de 42,8mm au profil slim taper est particuli\u00e8rement confortable. La guitare est toujours c\u00e2bl\u00e9e en st\u00e9r\u00e9o comme \u00e0 l&#8217;origine. La filetterie en bord de touche a \u00e9t\u00e9 refaite et le chevalet ABR est une pi\u00e8ce r\u00e9cente. De m\u00eame la plaque &#8220;custom made&#8221; est une reproduction fix\u00e9e sur les ancrages du stop tail \u00e9galement fourni avec la guitare. Vous pouvez donc la repasser tr\u00e8s facilement en configuration stop. Il suffit de d\u00e9coller la plaque custom et de r\u00e9installer le stopbar. Deux petits trous additionnels au niveau de l&#8217;attache du cordier sugg\u00e8rent qu&#8217;elle a eu une autre pi\u00e8ce install\u00e9e, pas un Bigsby mais peut \u00eatre un cordier fixe plut\u00f4t. C&#8217;est aujourd&#8217;hui le Maestro d&#8217;origine qui est en place.\u00a0Pour r\u00e9sumer cette guitare si elle pr\u00e9sente les traces de quelques modifications d&#8217;accastillage mineures n&#8217;en reste pas moins une guitare remarquable, sans casse. Elle est fournie avec son \u00e9tui rigide d&#8217;origine en tr\u00e8s bon \u00e9tat.<\/p>\n","protected":false},"excerpt":{"rendered":"<p>Pas facile de mettre la main sur une 355 de cette \u00e9poque. Celle-ci a eu quelques modifications d&#8217;accessoires mais l&#8217;essentiel est l\u00e0: 2 pafs originaux qui sonnent terrible, les couvercles ont \u00e9t\u00e9 enlev\u00e9s puis remis. L&#8217;un des micros poss\u00e8de son \u00e9tiquette PAF enti\u00e8re, sur l&#8217;autre elle est partielle.\u00a0Le manche large de 42,8mm au profil slim [&hellip;]<\/p>\n","protected":false},"featured_media":8944,"template":"","meta":{"_acf_changed":false},"product_brand":[],"product_cat":[18,8,30],"product_tag":[],"class_list":{"0":"post-8982","1":"product","2":"type-product","3":"status-publish","4":"has-post-thumbnail","6":"product_cat-electric","7":"product_cat-guitars","8":"product_cat-sold","10":"first","11":"instock","12":"shipping-taxable","13":"purchasable","14":"product-type-simple"},"acf":[],"_links":{"self":[{"href":"https:\/\/vintageguitars.fr\/en\/wp-json\/wp\/v2\/product\/8982","targetHints":{"allow":["GET"]}}],"collection":[{"href":"https:\/\/vintageguitars.fr\/en\/wp-json\/wp\/v2\/product"}],"about":[{"href":"https:\/\/vintageguitars.fr\/en\/wp-json\/wp\/v2\/types\/product"}],"wp:featuredmedia":[{"embeddable":true,"href":"https:\/\/vintageguitars.fr\/en\/wp-json\/wp\/v2\/media\/8944"}],"wp:attachment":[{"href":"https:\/\/vintageguitars.fr\/en\/wp-json\/wp\/v2\/media?parent=8982"}],"wp:term":[{"taxonomy":"product_brand","embeddable":true,"href":"https:\/\/vintageguitars.fr\/en\/wp-json\/wp\/v2\/product_brand?post=8982"},{"taxonomy":"product_cat","embeddable":true,"href":"https:\/\/vintageguitars.fr\/en\/wp-json\/wp\/v2\/product_cat?post=8982"},{"taxonomy":"product_tag","embeddable":true,"href":"https:\/\/vintageguitars.fr\/en\/wp-json\/wp\/v2\/product_tag?post=8982"}],"curies":[{"name":"wp","href":"https:\/\/api.w.org\/{rel}","templated":true}]}}