{"id":8941,"date":"2019-03-09T14:03:27","date_gmt":"2019-03-09T13:03:27","guid":{"rendered":"http:\/\/vintageguitars.fr\/en\/product\/fender-precision-olympic-white\/"},"modified":"2019-07-06T12:38:02","modified_gmt":"2019-07-06T10:38:02","slug":"fender-precision-olympic-white","status":"publish","type":"product","link":"https:\/\/vintageguitars.fr\/en\/produit\/fender-precision-olympic-white\/","title":{"rendered":"Fender Precision Olympic White"},"content":{"rendered":"<p>Cette Precision custom colour d&#8217;origine est en excellent \u00e9tat. Les potards datent de 1970 et le manche de d\u00e9cembre 1970. Toutes pi\u00e8ces d&#8217;origine, sans modifications. Elle p\u00e8se 4kg pile poil ce qui est tr\u00e8s correct. Quelques marques de jeu et d&#8217;usure mais rien de bien m\u00e9chant. Le manche est bien droit et les frettes d&#8217;un bon niveau. Les micros d&#8217;origine ont gard\u00e9 toute leur patate. Une br\u00fblure de cigarette sur la t\u00eate ce qui sugg\u00e8re qu&#8217;elle appartenait \u00e0 quelqu&#8217;un qui pouvait faire 2 choses en m\u00eame temps: avoir l&#8217;air cool et jouer de la basse. En \u00e9tui rectangulaire non original.<\/p>\n","protected":false},"excerpt":{"rendered":"<p>Cette Precision custom colour d&#8217;origine est en excellent \u00e9tat. Les potards datent de 1970 et le manche de d\u00e9cembre 1970. Toutes pi\u00e8ces d&#8217;origine, sans modifications. Elle p\u00e8se 4kg pile poil ce qui est tr\u00e8s correct. Quelques marques de jeu et d&#8217;usure mais rien de bien m\u00e9chant. Le manche est bien droit et les frettes d&#8217;un [&hellip;]<\/p>\n","protected":false},"featured_media":8927,"template":"","meta":{"_acf_changed":false},"product_brand":[],"product_cat":[16,8,30],"product_tag":[],"class_list":{"0":"post-8941","1":"product","2":"type-product","3":"status-publish","4":"has-post-thumbnail","6":"product_cat-bass","7":"product_cat-guitars","8":"product_cat-sold","10":"first","11":"instock","12":"shipping-taxable","13":"purchasable","14":"product-type-simple"},"acf":[],"_links":{"self":[{"href":"https:\/\/vintageguitars.fr\/en\/wp-json\/wp\/v2\/product\/8941","targetHints":{"allow":["GET"]}}],"collection":[{"href":"https:\/\/vintageguitars.fr\/en\/wp-json\/wp\/v2\/product"}],"about":[{"href":"https:\/\/vintageguitars.fr\/en\/wp-json\/wp\/v2\/types\/product"}],"wp:featuredmedia":[{"embeddable":true,"href":"https:\/\/vintageguitars.fr\/en\/wp-json\/wp\/v2\/media\/8927"}],"wp:attachment":[{"href":"https:\/\/vintageguitars.fr\/en\/wp-json\/wp\/v2\/media?parent=8941"}],"wp:term":[{"taxonomy":"product_brand","embeddable":true,"href":"https:\/\/vintageguitars.fr\/en\/wp-json\/wp\/v2\/product_brand?post=8941"},{"taxonomy":"product_cat","embeddable":true,"href":"https:\/\/vintageguitars.fr\/en\/wp-json\/wp\/v2\/product_cat?post=8941"},{"taxonomy":"product_tag","embeddable":true,"href":"https:\/\/vintageguitars.fr\/en\/wp-json\/wp\/v2\/product_tag?post=8941"}],"curies":[{"name":"wp","href":"https:\/\/api.w.org\/{rel}","templated":true}]}}