{"id":8679,"date":"2019-02-19T12:44:48","date_gmt":"2019-02-19T11:44:48","guid":{"rendered":"http:\/\/vintageguitars.fr\/en\/product\/kay-wood-resonator\/"},"modified":"2019-07-06T12:36:45","modified_gmt":"2019-07-06T10:36:45","slug":"kay-wood-resonator","status":"publish","type":"product","link":"https:\/\/vintageguitars.fr\/en\/produit\/kay-wood-resonator\/","title":{"rendered":"Kay wood resonator"},"content":{"rendered":"<p>Kay fabriquait des corps de guitares pour National dans les ann\u00e9es 30 et il est tout naturel qu&#8217;ils aient essay\u00e9 de fabriquer leurs propres mod\u00e8les. Le syst\u00e8me de r\u00e9sonateur National \u00e9tant prot\u00e9g\u00e9 \u00e0 l&#8217;\u00e9poque, il fallait cependant que l&#8217;instrument soit suffisamment diff\u00e9rent dans sa conception pour \u00eatre commercialisable. Ainsi le syst\u00e8me de r\u00e9sonateur choisi fut une plaque de bois, en suspension dans un puits, sur laquelle repose un chevalet. Il en r\u00e9sulte un son typique des r\u00e9sonateurs mais tr\u00e8s diff\u00e9rent des National auxquels on est habitu\u00e9. Il ne s&#8217;agit pas d&#8217;un mod\u00e8le type guitare flat-top avec un simple couvercle par dessus. Ce mod\u00e8le poss\u00e8de bien un r\u00e9sonateur en bois. Il sort tout juste de chez Mike Lewis, Fine Resophonic, qui a fait le petit r\u00e9glage n\u00e9cessaire apr\u00e8s tant d&#8217;ann\u00e9es. Les m\u00e9caniques ne sont pas originales mais fonctionnent bien. En \u00e9tui.<\/p>\n","protected":false},"excerpt":{"rendered":"<p>Kay fabriquait des corps de guitares pour National dans les ann\u00e9es 30 et il est tout naturel qu&#8217;ils aient essay\u00e9 de fabriquer leurs propres mod\u00e8les. Le syst\u00e8me de r\u00e9sonateur National \u00e9tant prot\u00e9g\u00e9 \u00e0 l&#8217;\u00e9poque, il fallait cependant que l&#8217;instrument soit suffisamment diff\u00e9rent dans sa conception pour \u00eatre commercialisable. Ainsi le syst\u00e8me de r\u00e9sonateur choisi fut [&hellip;]<\/p>\n","protected":false},"featured_media":7112,"template":"","meta":{"_acf_changed":false},"product_brand":[],"product_cat":[8,14,30],"product_tag":[],"class_list":{"0":"post-8679","1":"product","2":"type-product","3":"status-publish","4":"has-post-thumbnail","6":"product_cat-guitars","7":"product_cat-other","8":"product_cat-sold","10":"first","11":"instock","12":"shipping-taxable","13":"purchasable","14":"product-type-simple"},"acf":[],"_links":{"self":[{"href":"https:\/\/vintageguitars.fr\/en\/wp-json\/wp\/v2\/product\/8679","targetHints":{"allow":["GET"]}}],"collection":[{"href":"https:\/\/vintageguitars.fr\/en\/wp-json\/wp\/v2\/product"}],"about":[{"href":"https:\/\/vintageguitars.fr\/en\/wp-json\/wp\/v2\/types\/product"}],"wp:featuredmedia":[{"embeddable":true,"href":"https:\/\/vintageguitars.fr\/en\/wp-json\/wp\/v2\/media\/7112"}],"wp:attachment":[{"href":"https:\/\/vintageguitars.fr\/en\/wp-json\/wp\/v2\/media?parent=8679"}],"wp:term":[{"taxonomy":"product_brand","embeddable":true,"href":"https:\/\/vintageguitars.fr\/en\/wp-json\/wp\/v2\/product_brand?post=8679"},{"taxonomy":"product_cat","embeddable":true,"href":"https:\/\/vintageguitars.fr\/en\/wp-json\/wp\/v2\/product_cat?post=8679"},{"taxonomy":"product_tag","embeddable":true,"href":"https:\/\/vintageguitars.fr\/en\/wp-json\/wp\/v2\/product_tag?post=8679"}],"curies":[{"name":"wp","href":"https:\/\/api.w.org\/{rel}","templated":true}]}}