{"id":8398,"date":"2019-12-02T18:09:31","date_gmt":"2019-12-02T17:09:31","guid":{"rendered":"http:\/\/vintageguitars.fr\/en\/product\/guild-d-100nt\/"},"modified":"2020-02-14T14:46:51","modified_gmt":"2020-02-14T13:46:51","slug":"guild-d-100nt","status":"publish","type":"product","link":"https:\/\/vintageguitars.fr\/en\/produit\/guild-d-100nt\/","title":{"rendered":"Guild D-100NT"},"content":{"rendered":"<p>Mod\u00e8le haut de gamme, probablement la plus belle dreadnaught jamais fabriqu\u00e9e par Guild. La touche et le chevalet sont en \u00e9b\u00e8ne. Les \u00e9clisses et le fond sont en palissandre. Les barrages de la table sont affin\u00e9s. Nombreuses incrustations en nacre. C&#8217;est un instrument rare, de la premi\u00e8re ann\u00e9e de fabrication, qui a appartenu assez longtemps \u00e0 un chanteur brestois bien connu des habitu\u00e9s de la boutique. C&#8217;est un instrument avec plein de chansons dedans, tr\u00e8s jouable, qui a quelques marques mais rien de bien m\u00e9chant. Il y a une fente r\u00e9par\u00e9e au niveau du pickguard, stabilis\u00e9e par un petit taquet \u00e0 l&#8217;int\u00e9rieur, \u00e7a ne bougera pas. Le vernis est craquel\u00e9 en de nombreux endroits, elle a tout de m\u00eame 28 ans. Le bel \u00e2ge. En \u00e9tui rigide original.<\/p>\n","protected":false},"excerpt":{"rendered":"<p>Mod\u00e8le haut de gamme, probablement la plus belle dreadnaught jamais fabriqu\u00e9e par Guild. La touche et le chevalet sont en \u00e9b\u00e8ne. Les \u00e9clisses et le fond sont en palissandre. Les barrages de la table sont affin\u00e9s. Nombreuses incrustations en nacre. C&#8217;est un instrument rare, de la premi\u00e8re ann\u00e9e de fabrication, qui a appartenu assez longtemps [&hellip;]<\/p>\n","protected":false},"featured_media":8319,"template":"","meta":{"_acf_changed":false},"product_brand":[],"product_cat":[15,8,30],"product_tag":[],"class_list":{"0":"post-8398","1":"product","2":"type-product","3":"status-publish","4":"has-post-thumbnail","6":"product_cat-accoustic","7":"product_cat-guitars","8":"product_cat-sold","10":"first","11":"instock","12":"shipping-taxable","13":"purchasable","14":"product-type-simple"},"acf":[],"_links":{"self":[{"href":"https:\/\/vintageguitars.fr\/en\/wp-json\/wp\/v2\/product\/8398","targetHints":{"allow":["GET"]}}],"collection":[{"href":"https:\/\/vintageguitars.fr\/en\/wp-json\/wp\/v2\/product"}],"about":[{"href":"https:\/\/vintageguitars.fr\/en\/wp-json\/wp\/v2\/types\/product"}],"wp:featuredmedia":[{"embeddable":true,"href":"https:\/\/vintageguitars.fr\/en\/wp-json\/wp\/v2\/media\/8319"}],"wp:attachment":[{"href":"https:\/\/vintageguitars.fr\/en\/wp-json\/wp\/v2\/media?parent=8398"}],"wp:term":[{"taxonomy":"product_brand","embeddable":true,"href":"https:\/\/vintageguitars.fr\/en\/wp-json\/wp\/v2\/product_brand?post=8398"},{"taxonomy":"product_cat","embeddable":true,"href":"https:\/\/vintageguitars.fr\/en\/wp-json\/wp\/v2\/product_cat?post=8398"},{"taxonomy":"product_tag","embeddable":true,"href":"https:\/\/vintageguitars.fr\/en\/wp-json\/wp\/v2\/product_tag?post=8398"}],"curies":[{"name":"wp","href":"https:\/\/api.w.org\/{rel}","templated":true}]}}