{"id":8396,"date":"2019-02-02T18:12:31","date_gmt":"2019-02-02T17:12:31","guid":{"rendered":"http:\/\/vintageguitars.fr\/en\/product\/dobro-model-27\/"},"modified":"2019-02-25T15:46:53","modified_gmt":"2019-02-25T14:46:53","slug":"dobro-model-27","status":"publish","type":"product","link":"https:\/\/vintageguitars.fr\/en\/produit\/dobro-model-27\/","title":{"rendered":"Dobro Model 27"},"content":{"rendered":"<p>Pas facile de trouver ce genre d&#8217;instrument en si bon \u00e9tat. Ce Dobro est en bel \u00e9tat avec ses m\u00e9caniques et son syst\u00e8me spider d&#8217;origine. Des d\u00e9serts du Nouveau-Mexique aux Bayous de la Louisiane. C&#8217;est une ouverture sur les grands espaces. Son manche est bien droit et c&#8217;est un instrument bien jouable qui vous fera voyager. En \u00e9tui cartonn\u00e9.<\/p>\n","protected":false},"excerpt":{"rendered":"<p>Pas facile de trouver ce genre d&#8217;instrument en si bon \u00e9tat. Ce Dobro est en bel \u00e9tat avec ses m\u00e9caniques et son syst\u00e8me spider d&#8217;origine. Des d\u00e9serts du Nouveau-Mexique aux Bayous de la Louisiane. C&#8217;est une ouverture sur les grands espaces. Son manche est bien droit et c&#8217;est un instrument bien jouable qui vous fera [&hellip;]<\/p>\n","protected":false},"featured_media":8338,"template":"","meta":{"_acf_changed":false},"product_brand":[],"product_cat":[15,8,14,30],"product_tag":[],"class_list":{"0":"post-8396","1":"product","2":"type-product","3":"status-publish","4":"has-post-thumbnail","6":"product_cat-accoustic","7":"product_cat-guitars","8":"product_cat-other","9":"product_cat-sold","11":"first","12":"instock","13":"shipping-taxable","14":"purchasable","15":"product-type-simple"},"acf":[],"_links":{"self":[{"href":"https:\/\/vintageguitars.fr\/en\/wp-json\/wp\/v2\/product\/8396","targetHints":{"allow":["GET"]}}],"collection":[{"href":"https:\/\/vintageguitars.fr\/en\/wp-json\/wp\/v2\/product"}],"about":[{"href":"https:\/\/vintageguitars.fr\/en\/wp-json\/wp\/v2\/types\/product"}],"wp:featuredmedia":[{"embeddable":true,"href":"https:\/\/vintageguitars.fr\/en\/wp-json\/wp\/v2\/media\/8338"}],"wp:attachment":[{"href":"https:\/\/vintageguitars.fr\/en\/wp-json\/wp\/v2\/media?parent=8396"}],"wp:term":[{"taxonomy":"product_brand","embeddable":true,"href":"https:\/\/vintageguitars.fr\/en\/wp-json\/wp\/v2\/product_brand?post=8396"},{"taxonomy":"product_cat","embeddable":true,"href":"https:\/\/vintageguitars.fr\/en\/wp-json\/wp\/v2\/product_cat?post=8396"},{"taxonomy":"product_tag","embeddable":true,"href":"https:\/\/vintageguitars.fr\/en\/wp-json\/wp\/v2\/product_tag?post=8396"}],"curies":[{"name":"wp","href":"https:\/\/api.w.org\/{rel}","templated":true}]}}