{"id":8394,"date":"2019-02-02T18:15:07","date_gmt":"2019-02-02T17:15:07","guid":{"rendered":"http:\/\/vintageguitars.fr\/en\/product\/national-resophonic-2\/"},"modified":"2019-02-19T12:47:37","modified_gmt":"2019-02-19T11:47:37","slug":"national-resophonic-2","status":"publish","type":"product","link":"https:\/\/vintageguitars.fr\/en\/produit\/national-resophonic-2\/","title":{"rendered":"National Resophonic"},"content":{"rendered":"<p>Joli r\u00e9sonateur en tr\u00e8s bel \u00e9tat. C&#8217;est un instrument bien jouable et vraiment chouette. Presque pas de basses, un son tr\u00e8s typ\u00e9, presque radiophonique. Hormis un changement de boutons de m\u00e9caniques (r\u00e9pliques exactes faites \u00e0 la main en Allemagne) l&#8217;instrument est enti\u00e8rement original et est accompagn\u00e9 de son \u00e9tui d&#8217;origine.<\/p>\n","protected":false},"excerpt":{"rendered":"<p>Joli r\u00e9sonateur en tr\u00e8s bel \u00e9tat. C&#8217;est un instrument bien jouable et vraiment chouette. Presque pas de basses, un son tr\u00e8s typ\u00e9, presque radiophonique. Hormis un changement de boutons de m\u00e9caniques (r\u00e9pliques exactes faites \u00e0 la main en Allemagne) l&#8217;instrument est enti\u00e8rement original et est accompagn\u00e9 de son \u00e9tui d&#8217;origine.<\/p>\n","protected":false},"featured_media":8393,"template":"","meta":{"_acf_changed":false},"product_brand":[],"product_cat":[15,8,14,30],"product_tag":[],"class_list":{"0":"post-8394","1":"product","2":"type-product","3":"status-publish","4":"has-post-thumbnail","6":"product_cat-accoustic","7":"product_cat-guitars","8":"product_cat-other","9":"product_cat-sold","11":"first","12":"instock","13":"shipping-taxable","14":"purchasable","15":"product-type-simple"},"acf":[],"_links":{"self":[{"href":"https:\/\/vintageguitars.fr\/en\/wp-json\/wp\/v2\/product\/8394","targetHints":{"allow":["GET"]}}],"collection":[{"href":"https:\/\/vintageguitars.fr\/en\/wp-json\/wp\/v2\/product"}],"about":[{"href":"https:\/\/vintageguitars.fr\/en\/wp-json\/wp\/v2\/types\/product"}],"wp:featuredmedia":[{"embeddable":true,"href":"https:\/\/vintageguitars.fr\/en\/wp-json\/wp\/v2\/media\/8393"}],"wp:attachment":[{"href":"https:\/\/vintageguitars.fr\/en\/wp-json\/wp\/v2\/media?parent=8394"}],"wp:term":[{"taxonomy":"product_brand","embeddable":true,"href":"https:\/\/vintageguitars.fr\/en\/wp-json\/wp\/v2\/product_brand?post=8394"},{"taxonomy":"product_cat","embeddable":true,"href":"https:\/\/vintageguitars.fr\/en\/wp-json\/wp\/v2\/product_cat?post=8394"},{"taxonomy":"product_tag","embeddable":true,"href":"https:\/\/vintageguitars.fr\/en\/wp-json\/wp\/v2\/product_tag?post=8394"}],"curies":[{"name":"wp","href":"https:\/\/api.w.org\/{rel}","templated":true}]}}