{"id":8248,"date":"2019-02-02T17:59:46","date_gmt":"2019-02-02T16:59:46","guid":{"rendered":"http:\/\/vintageguitars.fr\/en\/product\/gibson-l-00\/"},"modified":"2019-02-19T17:09:10","modified_gmt":"2019-02-19T16:09:10","slug":"gibson-l-00","status":"publish","type":"product","link":"https:\/\/vintageguitars.fr\/en\/produit\/gibson-l-00\/","title":{"rendered":"Gibson L-00"},"content":{"rendered":"<p>Une de mes Gibson pr\u00e9f\u00e9r\u00e9es. La L-00 est une guitare qui a le blues mais qui excelle aussi dans le picking. Cet instrument en particulier est en bon \u00e9tat, sans fractures ou r\u00e9parations. Elle a probablement \u00e9t\u00e9 recharg\u00e9e en vernis, par dessus l&#8217;original il y a fort longtemps, ce qu&#8217;on appelle en anglais un overspray. Elle est \u00e9quip\u00e9e d&#8217;un micro de rosace Dearmond des ann\u00e9es 50, vous pouvez le retirer si vous le d\u00e9sirez mais je trouve que c&#8217;est plut\u00f4t un atout. Dans un petit ampli \u00e0 lampe de type Valco ann\u00e9es 50, Fender champ etc.. vous aurez un grain terrible. En \u00e9tui rigide cartonn\u00e9.<\/p>\n","protected":false},"excerpt":{"rendered":"<p>Une de mes Gibson pr\u00e9f\u00e9r\u00e9es. La L-00 est une guitare qui a le blues mais qui excelle aussi dans le picking. Cet instrument en particulier est en bon \u00e9tat, sans fractures ou r\u00e9parations. Elle a probablement \u00e9t\u00e9 recharg\u00e9e en vernis, par dessus l&#8217;original il y a fort longtemps, ce qu&#8217;on appelle en anglais un overspray. [&hellip;]<\/p>\n","protected":false},"featured_media":8233,"template":"","meta":{"_acf_changed":false},"product_brand":[],"product_cat":[15,8,30],"product_tag":[],"class_list":{"0":"post-8248","1":"product","2":"type-product","3":"status-publish","4":"has-post-thumbnail","6":"product_cat-accoustic","7":"product_cat-guitars","8":"product_cat-sold","10":"first","11":"instock","12":"shipping-taxable","13":"purchasable","14":"product-type-simple"},"acf":[],"_links":{"self":[{"href":"https:\/\/vintageguitars.fr\/en\/wp-json\/wp\/v2\/product\/8248","targetHints":{"allow":["GET"]}}],"collection":[{"href":"https:\/\/vintageguitars.fr\/en\/wp-json\/wp\/v2\/product"}],"about":[{"href":"https:\/\/vintageguitars.fr\/en\/wp-json\/wp\/v2\/types\/product"}],"wp:featuredmedia":[{"embeddable":true,"href":"https:\/\/vintageguitars.fr\/en\/wp-json\/wp\/v2\/media\/8233"}],"wp:attachment":[{"href":"https:\/\/vintageguitars.fr\/en\/wp-json\/wp\/v2\/media?parent=8248"}],"wp:term":[{"taxonomy":"product_brand","embeddable":true,"href":"https:\/\/vintageguitars.fr\/en\/wp-json\/wp\/v2\/product_brand?post=8248"},{"taxonomy":"product_cat","embeddable":true,"href":"https:\/\/vintageguitars.fr\/en\/wp-json\/wp\/v2\/product_cat?post=8248"},{"taxonomy":"product_tag","embeddable":true,"href":"https:\/\/vintageguitars.fr\/en\/wp-json\/wp\/v2\/product_tag?post=8248"}],"curies":[{"name":"wp","href":"https:\/\/api.w.org\/{rel}","templated":true}]}}