{"id":8190,"date":"2019-02-02T17:47:42","date_gmt":"2019-02-02T16:47:42","guid":{"rendered":"http:\/\/vintageguitars.fr\/en\/product\/gibson-les-paul-deluxe\/"},"modified":"2019-08-06T12:43:09","modified_gmt":"2019-08-06T10:43:09","slug":"gibson-les-paul-deluxe","status":"publish","type":"product","link":"https:\/\/vintageguitars.fr\/en\/produit\/gibson-les-paul-deluxe\/","title":{"rendered":"Gibson Les Paul Deluxe"},"content":{"rendered":"<p>La Les Paul Deluxe de Christophe Miossec. Elle a vadrouill\u00e9 et elle a fait ses preuves. C&#8217;est une guitare qu&#8217;il a gard\u00e9 tr\u00e8s longtemps et qui a beaucoup jou\u00e9. Vous pouvez voir qu&#8217;elle est plut\u00f4t solide puisqu&#8217;elle n&#8217; a pas de r\u00e9paration de t\u00eate par exemple. Les m\u00e9caniques ont \u00e9t\u00e9 chang\u00e9es par des Grover pour une meilleure tenue d&#8217;accord. Les 2 mini humbuckers sonnent tr\u00e8s bien. L&#8217;anneau en plastique du micro chevalet a \u00e9t\u00e9 remplac\u00e9 par une pi\u00e8ce r\u00e9cente. L&#8217;\u00e9l\u00e9ctronique est originale et n&#8217;a jamais \u00e9t\u00e9 touch\u00e9e. Le vernis est en bon \u00e9tat avec quelques traces de vert de gris, ce qui est on ne peut plus normal. Le chevalet est un Gotoh, le cordier est original. En \u00e9tui moderne.<\/p>\n<p>&nbsp;<\/p>\n","protected":false},"excerpt":{"rendered":"<p>La Les Paul Deluxe de Christophe Miossec. Elle a vadrouill\u00e9 et elle a fait ses preuves. C&#8217;est une guitare qu&#8217;il a gard\u00e9 tr\u00e8s longtemps et qui a beaucoup jou\u00e9. Vous pouvez voir qu&#8217;elle est plut\u00f4t solide puisqu&#8217;elle n&#8217; a pas de r\u00e9paration de t\u00eate par exemple. Les m\u00e9caniques ont \u00e9t\u00e9 chang\u00e9es par des Grover pour [&hellip;]<\/p>\n","protected":false},"featured_media":8185,"template":"","meta":{"_acf_changed":false},"product_brand":[],"product_cat":[18,8,30],"product_tag":[],"class_list":{"0":"post-8190","1":"product","2":"type-product","3":"status-publish","4":"has-post-thumbnail","6":"product_cat-electric","7":"product_cat-guitars","8":"product_cat-sold","10":"first","11":"instock","12":"shipping-taxable","13":"purchasable","14":"product-type-simple"},"acf":[],"_links":{"self":[{"href":"https:\/\/vintageguitars.fr\/en\/wp-json\/wp\/v2\/product\/8190","targetHints":{"allow":["GET"]}}],"collection":[{"href":"https:\/\/vintageguitars.fr\/en\/wp-json\/wp\/v2\/product"}],"about":[{"href":"https:\/\/vintageguitars.fr\/en\/wp-json\/wp\/v2\/types\/product"}],"wp:featuredmedia":[{"embeddable":true,"href":"https:\/\/vintageguitars.fr\/en\/wp-json\/wp\/v2\/media\/8185"}],"wp:attachment":[{"href":"https:\/\/vintageguitars.fr\/en\/wp-json\/wp\/v2\/media?parent=8190"}],"wp:term":[{"taxonomy":"product_brand","embeddable":true,"href":"https:\/\/vintageguitars.fr\/en\/wp-json\/wp\/v2\/product_brand?post=8190"},{"taxonomy":"product_cat","embeddable":true,"href":"https:\/\/vintageguitars.fr\/en\/wp-json\/wp\/v2\/product_cat?post=8190"},{"taxonomy":"product_tag","embeddable":true,"href":"https:\/\/vintageguitars.fr\/en\/wp-json\/wp\/v2\/product_tag?post=8190"}],"curies":[{"name":"wp","href":"https:\/\/api.w.org\/{rel}","templated":true}]}}