{"id":8042,"date":"2018-11-20T11:42:58","date_gmt":"2018-11-20T10:42:58","guid":{"rendered":"http:\/\/vintageguitars.fr\/en\/product\/fender-telecaster-6\/"},"modified":"2019-03-07T08:38:26","modified_gmt":"2019-03-07T07:38:26","slug":"fender-telecaster-6","status":"publish","type":"product","link":"https:\/\/vintageguitars.fr\/en\/produit\/fender-telecaster-6\/","title":{"rendered":"Fender Telecaster"},"content":{"rendered":"<p><strong>Vendue\/Sold<\/strong><\/p>\n<p>Ce n&#8217;est pas souvent que j&#8217;ai pu vous proposer des Telecaster des ann\u00e9es 50. Les quantit\u00e9s produites sont tellement faibles, et l&#8217;\u00e9tat des rares exemplaires qui ont surv\u00e9cu n&#8217;est pas toujours irr\u00e9prochable. Celle-ci est en tr\u00e8s bon \u00e9tat avec toutes ses pi\u00e8ces d&#8217;origine et c&#8217;est avant tout pour cela que je l&#8217;ai choisi. Le vernis original est \u00e9galement en bon \u00e9tat, avec des marques de jeu bien s\u00fbr car ces vernis sont tr\u00e8s fins et c&#8217;est \u00e9videmment un instrument qui m\u00e9rite d&#8217;\u00eatre jou\u00e9. Pas d&#8217;overspray ou de retouche. La seule modification concerne le frettage qui a \u00e9t\u00e9 refait avec des frettes fines comme \u00e0 l&#8217;\u00e9poque ( pas de jumbos heureusement&#8230;). Elle joue \u00e0 la perfection, elle vibre tellement qu&#8217;on dirait un manche coll\u00e9. Les micros et l&#8217;\u00e9lectronique sont originaux et intacts. Pas de rebobinage, pas de probl\u00e8me quelconque. Il est assez rare de trouver un instrument comme celui-ci qui coche bien toutes les cases. L&#8217;\u00e9tui rigide original est fourni avec. Il a connu de meilleurs jours mais rempli toujours sa fonction.<\/p>\n","protected":false},"excerpt":{"rendered":"<p>Vendue\/Sold Ce n&#8217;est pas souvent que j&#8217;ai pu vous proposer des Telecaster des ann\u00e9es 50. Les quantit\u00e9s produites sont tellement faibles, et l&#8217;\u00e9tat des rares exemplaires qui ont surv\u00e9cu n&#8217;est pas toujours irr\u00e9prochable. Celle-ci est en tr\u00e8s bon \u00e9tat avec toutes ses pi\u00e8ces d&#8217;origine et c&#8217;est avant tout pour cela que je l&#8217;ai choisi. Le [&hellip;]<\/p>\n","protected":false},"featured_media":8006,"template":"","meta":{"_acf_changed":false},"product_brand":[],"product_cat":[18,8,30],"product_tag":[],"class_list":{"0":"post-8042","1":"product","2":"type-product","3":"status-publish","4":"has-post-thumbnail","6":"product_cat-electric","7":"product_cat-guitars","8":"product_cat-sold","10":"first","11":"instock","12":"shipping-taxable","13":"product-type-simple"},"acf":[],"_links":{"self":[{"href":"https:\/\/vintageguitars.fr\/en\/wp-json\/wp\/v2\/product\/8042","targetHints":{"allow":["GET"]}}],"collection":[{"href":"https:\/\/vintageguitars.fr\/en\/wp-json\/wp\/v2\/product"}],"about":[{"href":"https:\/\/vintageguitars.fr\/en\/wp-json\/wp\/v2\/types\/product"}],"wp:featuredmedia":[{"embeddable":true,"href":"https:\/\/vintageguitars.fr\/en\/wp-json\/wp\/v2\/media\/8006"}],"wp:attachment":[{"href":"https:\/\/vintageguitars.fr\/en\/wp-json\/wp\/v2\/media?parent=8042"}],"wp:term":[{"taxonomy":"product_brand","embeddable":true,"href":"https:\/\/vintageguitars.fr\/en\/wp-json\/wp\/v2\/product_brand?post=8042"},{"taxonomy":"product_cat","embeddable":true,"href":"https:\/\/vintageguitars.fr\/en\/wp-json\/wp\/v2\/product_cat?post=8042"},{"taxonomy":"product_tag","embeddable":true,"href":"https:\/\/vintageguitars.fr\/en\/wp-json\/wp\/v2\/product_tag?post=8042"}],"curies":[{"name":"wp","href":"https:\/\/api.w.org\/{rel}","templated":true}]}}