{"id":7854,"date":"2018-11-09T12:31:14","date_gmt":"2018-11-09T11:31:14","guid":{"rendered":"http:\/\/vintageguitars.fr\/en\/product\/martin-d-35\/"},"modified":"2019-03-09T13:15:04","modified_gmt":"2019-03-09T12:15:04","slug":"martin-d-35","status":"publish","type":"product","link":"https:\/\/vintageguitars.fr\/en\/produit\/martin-d-35\/","title":{"rendered":"Martin D-35"},"content":{"rendered":"<p>Cette Dreadnaught sonne comme une cath\u00e9drale. Dos et \u00e9clisses sont en palissandre de Rio, et cela fait grande diff\u00e9rence par rapport aux mod\u00e8les qui suivirent dans les ann\u00e9es 70. Le Rio semble ouvrir la guitare. La projection est \u00e9galement bien plus impressionnante. Les notes sont d\u00e9li\u00e9es. Si vous avez d\u00e9j\u00e0 jou\u00e9 une vieille Martin en Rio vous voyez de quoi je parle. Le manche est droit et jouable avec une action de 3mm \u00e0 la 12\u00e8me case. Pas de fentes ou de r\u00e9parations. En \u00e9tui rigide original.<\/p>\n","protected":false},"excerpt":{"rendered":"<p>Cette Dreadnaught sonne comme une cath\u00e9drale. Dos et \u00e9clisses sont en palissandre de Rio, et cela fait grande diff\u00e9rence par rapport aux mod\u00e8les qui suivirent dans les ann\u00e9es 70. Le Rio semble ouvrir la guitare. La projection est \u00e9galement bien plus impressionnante. Les notes sont d\u00e9li\u00e9es. Si vous avez d\u00e9j\u00e0 jou\u00e9 une vieille Martin en [&hellip;]<\/p>\n","protected":false},"featured_media":7576,"template":"","meta":{"_acf_changed":false},"product_brand":[],"product_cat":[15,8,30],"product_tag":[],"class_list":{"0":"post-7854","1":"product","2":"type-product","3":"status-publish","4":"has-post-thumbnail","6":"product_cat-accoustic","7":"product_cat-guitars","8":"product_cat-sold","10":"first","11":"instock","12":"shipping-taxable","13":"purchasable","14":"product-type-simple"},"acf":[],"_links":{"self":[{"href":"https:\/\/vintageguitars.fr\/en\/wp-json\/wp\/v2\/product\/7854","targetHints":{"allow":["GET"]}}],"collection":[{"href":"https:\/\/vintageguitars.fr\/en\/wp-json\/wp\/v2\/product"}],"about":[{"href":"https:\/\/vintageguitars.fr\/en\/wp-json\/wp\/v2\/types\/product"}],"wp:featuredmedia":[{"embeddable":true,"href":"https:\/\/vintageguitars.fr\/en\/wp-json\/wp\/v2\/media\/7576"}],"wp:attachment":[{"href":"https:\/\/vintageguitars.fr\/en\/wp-json\/wp\/v2\/media?parent=7854"}],"wp:term":[{"taxonomy":"product_brand","embeddable":true,"href":"https:\/\/vintageguitars.fr\/en\/wp-json\/wp\/v2\/product_brand?post=7854"},{"taxonomy":"product_cat","embeddable":true,"href":"https:\/\/vintageguitars.fr\/en\/wp-json\/wp\/v2\/product_cat?post=7854"},{"taxonomy":"product_tag","embeddable":true,"href":"https:\/\/vintageguitars.fr\/en\/wp-json\/wp\/v2\/product_tag?post=7854"}],"curies":[{"name":"wp","href":"https:\/\/api.w.org\/{rel}","templated":true}]}}