{"id":7713,"date":"2018-11-09T16:17:33","date_gmt":"2018-11-09T15:17:33","guid":{"rendered":"http:\/\/vintageguitars.fr\/en\/product\/martin-d12-35\/"},"modified":"2019-03-09T13:14:38","modified_gmt":"2019-03-09T12:14:38","slug":"martin-d12-35","status":"publish","type":"product","link":"https:\/\/vintageguitars.fr\/en\/produit\/martin-d12-35\/","title":{"rendered":"Martin D12-35"},"content":{"rendered":"<p>Tr\u00e8s belle 12 cordes, bien jouable jusqu&#8217;au bout sans aucun effort, ce qui est loin d&#8217;\u00eatre toujours le cas sur les vieilles 12 cordes. Elle sonne tr\u00e8s bien, le dos et les \u00e9clisses sont en palissandre. Pas de r\u00e9paration ou de casse. Le pickguard est un peu recourb\u00e9 ce qui est fr\u00e9quent. En \u00e9tui rigide d&#8217;\u00e9poque non original.<\/p>\n","protected":false},"excerpt":{"rendered":"<p>Tr\u00e8s belle 12 cordes, bien jouable jusqu&#8217;au bout sans aucun effort, ce qui est loin d&#8217;\u00eatre toujours le cas sur les vieilles 12 cordes. Elle sonne tr\u00e8s bien, le dos et les \u00e9clisses sont en palissandre. Pas de r\u00e9paration ou de casse. Le pickguard est un peu recourb\u00e9 ce qui est fr\u00e9quent. En \u00e9tui rigide [&hellip;]<\/p>\n","protected":false},"featured_media":7712,"template":"","meta":{"_acf_changed":false},"product_brand":[],"product_cat":[15,8,30],"product_tag":[],"class_list":{"0":"post-7713","1":"product","2":"type-product","3":"status-publish","4":"has-post-thumbnail","6":"product_cat-accoustic","7":"product_cat-guitars","8":"product_cat-sold","10":"first","11":"instock","12":"shipping-taxable","13":"purchasable","14":"product-type-simple"},"acf":[],"_links":{"self":[{"href":"https:\/\/vintageguitars.fr\/en\/wp-json\/wp\/v2\/product\/7713","targetHints":{"allow":["GET"]}}],"collection":[{"href":"https:\/\/vintageguitars.fr\/en\/wp-json\/wp\/v2\/product"}],"about":[{"href":"https:\/\/vintageguitars.fr\/en\/wp-json\/wp\/v2\/types\/product"}],"wp:featuredmedia":[{"embeddable":true,"href":"https:\/\/vintageguitars.fr\/en\/wp-json\/wp\/v2\/media\/7712"}],"wp:attachment":[{"href":"https:\/\/vintageguitars.fr\/en\/wp-json\/wp\/v2\/media?parent=7713"}],"wp:term":[{"taxonomy":"product_brand","embeddable":true,"href":"https:\/\/vintageguitars.fr\/en\/wp-json\/wp\/v2\/product_brand?post=7713"},{"taxonomy":"product_cat","embeddable":true,"href":"https:\/\/vintageguitars.fr\/en\/wp-json\/wp\/v2\/product_cat?post=7713"},{"taxonomy":"product_tag","embeddable":true,"href":"https:\/\/vintageguitars.fr\/en\/wp-json\/wp\/v2\/product_tag?post=7713"}],"curies":[{"name":"wp","href":"https:\/\/api.w.org\/{rel}","templated":true}]}}