{"id":7414,"date":"2018-10-09T15:49:43","date_gmt":"2018-10-09T13:49:43","guid":{"rendered":"http:\/\/vintageguitars.fr\/en\/product\/epiphone-bard\/"},"modified":"2019-07-06T12:37:11","modified_gmt":"2019-07-06T10:37:11","slug":"epiphone-bard","status":"publish","type":"product","link":"https:\/\/vintageguitars.fr\/en\/produit\/epiphone-bard\/","title":{"rendered":"Epiphone Bard"},"content":{"rendered":"<p>Fabriqu\u00e9e par Gibson \u00e0 Kalamazoo dans le Michigan, cette guitare est en fait une Gibson avec une t\u00eate un peu plus allong\u00e9e, ce qui n&#8217;est pas plus mal pour une 12 cordes d&#8217;ailleurs. Cet instrument sonne particuli\u00e8rement bien. Il est tr\u00e8s bien conserv\u00e9, sans aucune cassure ou r\u00e9paration. Et surtout le manche est tr\u00e8s jouable, il est parfaitement droit et aucune d\u00e9formation n&#8217;est \u00e0 d\u00e9plorer comme c&#8217;est malheureusement souvent le cas sur les vieilles 12 cordes. Celle-ci a pass\u00e9 le test des ann\u00e9es avec succ\u00e8s. Le fond et les \u00e9clisses sont en acajou du Honduras, un tr\u00e8s bel acajou d&#8217;ailleurs. Le chevalet et la touche sont en palissandre de Rio. Des essences de qualit\u00e9 que l&#8217;on ne retrouve plus apr\u00e8s 1969. \u00a0L&#8217;instrument est livr\u00e9 avec un \u00e9tui r\u00e9cent.<\/p>\n","protected":false},"excerpt":{"rendered":"<p>Fabriqu\u00e9e par Gibson \u00e0 Kalamazoo dans le Michigan, cette guitare est en fait une Gibson avec une t\u00eate un peu plus allong\u00e9e, ce qui n&#8217;est pas plus mal pour une 12 cordes d&#8217;ailleurs. Cet instrument sonne particuli\u00e8rement bien. Il est tr\u00e8s bien conserv\u00e9, sans aucune cassure ou r\u00e9paration. Et surtout le manche est tr\u00e8s jouable, [&hellip;]<\/p>\n","protected":false},"featured_media":7287,"template":"","meta":{"_acf_changed":false},"product_brand":[],"product_cat":[8,14,30],"product_tag":[],"class_list":{"0":"post-7414","1":"product","2":"type-product","3":"status-publish","4":"has-post-thumbnail","6":"product_cat-guitars","7":"product_cat-other","8":"product_cat-sold","10":"first","11":"instock","12":"shipping-taxable","13":"purchasable","14":"product-type-simple"},"acf":[],"_links":{"self":[{"href":"https:\/\/vintageguitars.fr\/en\/wp-json\/wp\/v2\/product\/7414","targetHints":{"allow":["GET"]}}],"collection":[{"href":"https:\/\/vintageguitars.fr\/en\/wp-json\/wp\/v2\/product"}],"about":[{"href":"https:\/\/vintageguitars.fr\/en\/wp-json\/wp\/v2\/types\/product"}],"wp:featuredmedia":[{"embeddable":true,"href":"https:\/\/vintageguitars.fr\/en\/wp-json\/wp\/v2\/media\/7287"}],"wp:attachment":[{"href":"https:\/\/vintageguitars.fr\/en\/wp-json\/wp\/v2\/media?parent=7414"}],"wp:term":[{"taxonomy":"product_brand","embeddable":true,"href":"https:\/\/vintageguitars.fr\/en\/wp-json\/wp\/v2\/product_brand?post=7414"},{"taxonomy":"product_cat","embeddable":true,"href":"https:\/\/vintageguitars.fr\/en\/wp-json\/wp\/v2\/product_cat?post=7414"},{"taxonomy":"product_tag","embeddable":true,"href":"https:\/\/vintageguitars.fr\/en\/wp-json\/wp\/v2\/product_tag?post=7414"}],"curies":[{"name":"wp","href":"https:\/\/api.w.org\/{rel}","templated":true}]}}