{"id":7398,"date":"2018-10-09T18:33:53","date_gmt":"2018-10-09T16:33:53","guid":{"rendered":"http:\/\/vintageguitars.fr\/en\/product\/fender-precision-1958\/"},"modified":"2018-12-10T18:56:34","modified_gmt":"2018-12-10T17:56:34","slug":"fender-precision-1958","status":"publish","type":"product","link":"https:\/\/vintageguitars.fr\/en\/produit\/fender-precision-1958\/","title":{"rendered":"Fender Precision 1958"},"content":{"rendered":"<p>Cette version de la Precision avec pickguard anodis\u00e9 ne fut produite que de mi-57 \u00e0 mi-59. Et encore les mod\u00e8les sunburst 3 tons ne firent leur apparition qu&#8217;au milieu de 1958. On a donc \u00e0 faire \u00e0 un instrument qui ne fut produit ainsi que pendant un an. Il s&#8217;agit d&#8217;un instrument rare et enti\u00e8rement\u00a0original \u00e0 l&#8217;exception des 2 vis de r\u00e9glage de hauteur du pontet de Mi. C&#8217;est tout. Pour un instrument de cet \u00e9poque quelqu&#8217;il soit, c&#8217;est d\u00e9j\u00e0 en soit une performance. Le cache du chevalet est dans l&#8217;\u00e9tui. L&#8217;instrument a tr\u00e8s bien vieilli. La touche est tr\u00e8s fa\u00efenc\u00e9e et le vernis du corps porte les traces de quelques centaines d&#8217;heures de jeu. Le micro original marche tr\u00e8s bien. L&#8217;ensemble de l&#8217;\u00e9lectronique est original et n&#8217;a pas \u00e9t\u00e9 touch\u00e9. Livr\u00e9 en \u00e9tui rigide original.<\/p>\n","protected":false},"excerpt":{"rendered":"<p>Cette version de la Precision avec pickguard anodis\u00e9 ne fut produite que de mi-57 \u00e0 mi-59. Et encore les mod\u00e8les sunburst 3 tons ne firent leur apparition qu&#8217;au milieu de 1958. On a donc \u00e0 faire \u00e0 un instrument qui ne fut produit ainsi que pendant un an. Il s&#8217;agit d&#8217;un instrument rare et enti\u00e8rement\u00a0original [&hellip;]<\/p>\n","protected":false},"featured_media":7377,"template":"","meta":{"_acf_changed":false},"product_brand":[],"product_cat":[16,8,30],"product_tag":[],"class_list":{"0":"post-7398","1":"product","2":"type-product","3":"status-publish","4":"has-post-thumbnail","6":"product_cat-bass","7":"product_cat-guitars","8":"product_cat-sold","10":"first","11":"instock","12":"shipping-taxable","13":"purchasable","14":"product-type-simple"},"acf":[],"_links":{"self":[{"href":"https:\/\/vintageguitars.fr\/en\/wp-json\/wp\/v2\/product\/7398","targetHints":{"allow":["GET"]}}],"collection":[{"href":"https:\/\/vintageguitars.fr\/en\/wp-json\/wp\/v2\/product"}],"about":[{"href":"https:\/\/vintageguitars.fr\/en\/wp-json\/wp\/v2\/types\/product"}],"wp:featuredmedia":[{"embeddable":true,"href":"https:\/\/vintageguitars.fr\/en\/wp-json\/wp\/v2\/media\/7377"}],"wp:attachment":[{"href":"https:\/\/vintageguitars.fr\/en\/wp-json\/wp\/v2\/media?parent=7398"}],"wp:term":[{"taxonomy":"product_brand","embeddable":true,"href":"https:\/\/vintageguitars.fr\/en\/wp-json\/wp\/v2\/product_brand?post=7398"},{"taxonomy":"product_cat","embeddable":true,"href":"https:\/\/vintageguitars.fr\/en\/wp-json\/wp\/v2\/product_cat?post=7398"},{"taxonomy":"product_tag","embeddable":true,"href":"https:\/\/vintageguitars.fr\/en\/wp-json\/wp\/v2\/product_tag?post=7398"}],"curies":[{"name":"wp","href":"https:\/\/api.w.org\/{rel}","templated":true}]}}