{"id":7030,"date":"2018-09-26T08:52:13","date_gmt":"2018-09-26T06:52:13","guid":{"rendered":"http:\/\/vintageguitars.fr\/en\/product\/fender-stratocaster-6\/"},"modified":"2019-03-07T08:36:27","modified_gmt":"2019-03-07T07:36:27","slug":"fender-stratocaster-6","status":"publish","type":"product","link":"https:\/\/vintageguitars.fr\/en\/produit\/fender-stratocaster-6\/","title":{"rendered":"Fender Stratocaster"},"content":{"rendered":"<p>Le Graal.<\/p>\n<p>Nombreux sont les guitaristes qui r\u00eavent de pouvoir ne serait-ce que poser les mains sur un instrument de l\u00e9gende tel que celui-ci. La Stratocaster fut introduite par Fender dans le monde de la guitare en 1954, chaque ann\u00e9e apporte ensuite son petit lot de modifications. C&#8217;est encore un instrument en \u00e9volution, et 1957 est surtout marqu\u00e9 par le nouveau profil de manche en V. C&#8217;est un profil particuli\u00e8rement agr\u00e9able \u00e0 mon sens, et je pense que le propri\u00e9taire pr\u00e9c\u00e9dent y \u00e9tait \u00e9galement tr\u00e8s \u00e0 l&#8217;aise. En t\u00e9moigne l&#8217;usure g\u00e9n\u00e9rale de l&#8217;instrument et du manche en particulier. Voici \u00e0 quoi ressemble une Strat qui a \u00e9t\u00e9 jou\u00e9 pendant des d\u00e9cennies. C&#8217;est une usure globale, coh\u00e9rente et sans aucune ressemblance avec ce qui peut sortir d&#8217;un custom shop. Alors \u00e9videmment un instrument qui joue autant se doit d&#8217;\u00eatre fonctionnel. Le manche a donc \u00e9t\u00e9 refrett\u00e9, les potards chang\u00e9s et un switch 5 positions ajout\u00e9s. C&#8217;est le genre de choses auxquelles on ne coupe pas si on veut en faire un usage professionnel ou intensif. Chose importante les vernis du manche et du corps sont originaux. Les 3 micros sont \u00e9galement originaux, et oui, ils sonnent, et pas qu&#8217;un peu. C&#8217;est un instrument fantastique qui procure des sensations que l&#8217;on ne retrouve que dans les ann\u00e9es 50. Ce claquant de l&#8217;\u00e9rable, brillant sans \u00eatre clinquant. Cette r\u00e9sonance \u00e9gale sur l&#8217;ensemble de la touche. En acoustique pure, sans la brancher, elle sonne d\u00e9j\u00e0 tr\u00e8s bien, on se doute donc qu&#8217;une fois branch\u00e9e \u00e7a devrait \u00eatre plaisant. Et c&#8217;est effectivement le cas. Il semble qu&#8217;un autre micro ait un temps \u00e9t\u00e9 install\u00e9 en position manche, il est tr\u00e8s facile de passer \u00e0 cot\u00e9, m\u00eame pour un oeil exerc\u00e9 mais cela semble \u00eatre le cas n\u00e9anmoins. Cela explique aussi le prix, l\u00e9g\u00e8rement en dessous de la cote qui oscille plut\u00f4t entre 29 et 32 000 pour cette m\u00eame ann\u00e9e. Quelques modifications mineures mais qui vous feront \u00e9conomiser quelques milliers d&#8217;euros tout de m\u00eame ce qui n&#8217;est pas rien. L&#8217;\u00e9tui rigide est un flight case qui la prot\u00e8ge tr\u00e8s bien.<\/p>\n","protected":false},"excerpt":{"rendered":"<p>Le Graal. Nombreux sont les guitaristes qui r\u00eavent de pouvoir ne serait-ce que poser les mains sur un instrument de l\u00e9gende tel que celui-ci. La Stratocaster fut introduite par Fender dans le monde de la guitare en 1954, chaque ann\u00e9e apporte ensuite son petit lot de modifications. C&#8217;est encore un instrument en \u00e9volution, et 1957 [&hellip;]<\/p>\n","protected":false},"featured_media":7019,"template":"","meta":{"_acf_changed":false},"product_brand":[],"product_cat":[18,8,30],"product_tag":[],"class_list":{"0":"post-7030","1":"product","2":"type-product","3":"status-publish","4":"has-post-thumbnail","6":"product_cat-electric","7":"product_cat-guitars","8":"product_cat-sold","10":"first","11":"instock","12":"shipping-taxable","13":"purchasable","14":"product-type-simple"},"acf":[],"_links":{"self":[{"href":"https:\/\/vintageguitars.fr\/en\/wp-json\/wp\/v2\/product\/7030","targetHints":{"allow":["GET"]}}],"collection":[{"href":"https:\/\/vintageguitars.fr\/en\/wp-json\/wp\/v2\/product"}],"about":[{"href":"https:\/\/vintageguitars.fr\/en\/wp-json\/wp\/v2\/types\/product"}],"wp:featuredmedia":[{"embeddable":true,"href":"https:\/\/vintageguitars.fr\/en\/wp-json\/wp\/v2\/media\/7019"}],"wp:attachment":[{"href":"https:\/\/vintageguitars.fr\/en\/wp-json\/wp\/v2\/media?parent=7030"}],"wp:term":[{"taxonomy":"product_brand","embeddable":true,"href":"https:\/\/vintageguitars.fr\/en\/wp-json\/wp\/v2\/product_brand?post=7030"},{"taxonomy":"product_cat","embeddable":true,"href":"https:\/\/vintageguitars.fr\/en\/wp-json\/wp\/v2\/product_cat?post=7030"},{"taxonomy":"product_tag","embeddable":true,"href":"https:\/\/vintageguitars.fr\/en\/wp-json\/wp\/v2\/product_tag?post=7030"}],"curies":[{"name":"wp","href":"https:\/\/api.w.org\/{rel}","templated":true}]}}