{"id":6805,"date":"2018-09-17T13:32:08","date_gmt":"2018-09-17T11:32:08","guid":{"rendered":"http:\/\/vintageguitars.fr\/en\/product\/gibson-l-5-cesn-2\/"},"modified":"2025-03-29T13:52:53","modified_gmt":"2025-03-29T12:52:53","slug":"gibson-l-5-cesn-2","status":"publish","type":"product","link":"https:\/\/vintageguitars.fr\/en\/produit\/gibson-l-5-cesn-2\/","title":{"rendered":"Gibson L-5 CESN"},"content":{"rendered":"<p>Superbe archtop qui \u00e9tait auparavant en la possession de Francis Cabrel.<\/p>\n<p>Cet instrument est enti\u00e8rement original et sans aucune r\u00e9paration. La L-5 \u00e9tant la guitare jazz haut de gamme du catalogue, elle recevait une attention particuli\u00e8re, qui plus est dans sa version naturelle, o\u00f9 les bois \u00e9taient m\u00e9ticuleusement choisis et assembl\u00e9s. Contrairement \u00e0 un vernis sunburst, ici on ne peut pas tricher. Tout est visible. L&#8217;\u00e9rable flamm\u00e9 du manche est tr\u00e8s joli, mais avez-vous vu le fond de la guitare? C&#8217;est assez spectaculaire. La table en \u00e9pic\u00e9a est en tr\u00e8s bon \u00e9tat, elle est bien mise en valeur par l&#8217;absence de la plaque de protection qui commen\u00e7ait \u00e0 se d\u00e9t\u00e9riorer. Elle est donc stock\u00e9 \u00e0 part dans l&#8217;\u00e9tui avec les fixations. Il est vrai que la guitare n&#8217;en est pas moins belle ainsi. \u00a0Le manche mesure 40mm au sillet, comme toujours sur les mod\u00e8les de cette cat\u00e9gorie, pour peu que la guitare soit bien r\u00e9gl\u00e9e, c&#8217;est tr\u00e8s facile \u00e0 jouer et ne n\u00e9cessite aucun effort. Les micros et l&#8217;\u00e9lectronique fonctionnent parfaitement. En \u00e9tui rigide tweed.<\/p>\n","protected":false},"excerpt":{"rendered":"<p>Superbe archtop qui \u00e9tait auparavant en la possession de Francis Cabrel. Cet instrument est enti\u00e8rement original et sans aucune r\u00e9paration. La L-5 \u00e9tant la guitare jazz haut de gamme du catalogue, elle recevait une attention particuli\u00e8re, qui plus est dans sa version naturelle, o\u00f9 les bois \u00e9taient m\u00e9ticuleusement choisis et assembl\u00e9s. Contrairement \u00e0 un vernis [&hellip;]<\/p>\n","protected":false},"featured_media":6758,"template":"","meta":{"_acf_changed":false},"product_brand":[],"product_cat":[30],"product_tag":[],"class_list":{"0":"post-6805","1":"product","2":"type-product","3":"status-publish","4":"has-post-thumbnail","6":"product_cat-sold","8":"first","9":"instock","10":"shipping-taxable","11":"purchasable","12":"product-type-simple"},"acf":[],"_links":{"self":[{"href":"https:\/\/vintageguitars.fr\/en\/wp-json\/wp\/v2\/product\/6805","targetHints":{"allow":["GET"]}}],"collection":[{"href":"https:\/\/vintageguitars.fr\/en\/wp-json\/wp\/v2\/product"}],"about":[{"href":"https:\/\/vintageguitars.fr\/en\/wp-json\/wp\/v2\/types\/product"}],"wp:featuredmedia":[{"embeddable":true,"href":"https:\/\/vintageguitars.fr\/en\/wp-json\/wp\/v2\/media\/6758"}],"wp:attachment":[{"href":"https:\/\/vintageguitars.fr\/en\/wp-json\/wp\/v2\/media?parent=6805"}],"wp:term":[{"taxonomy":"product_brand","embeddable":true,"href":"https:\/\/vintageguitars.fr\/en\/wp-json\/wp\/v2\/product_brand?post=6805"},{"taxonomy":"product_cat","embeddable":true,"href":"https:\/\/vintageguitars.fr\/en\/wp-json\/wp\/v2\/product_cat?post=6805"},{"taxonomy":"product_tag","embeddable":true,"href":"https:\/\/vintageguitars.fr\/en\/wp-json\/wp\/v2\/product_tag?post=6805"}],"curies":[{"name":"wp","href":"https:\/\/api.w.org\/{rel}","templated":true}]}}