{"id":6721,"date":"2018-09-17T13:14:29","date_gmt":"2018-09-17T11:14:29","guid":{"rendered":"http:\/\/vintageguitars.fr\/en\/product\/martin-00-17\/"},"modified":"2019-03-07T08:50:49","modified_gmt":"2019-03-07T07:50:49","slug":"martin-00-17","status":"publish","type":"product","link":"https:\/\/vintageguitars.fr\/en\/produit\/martin-00-17\/","title":{"rendered":"Martin 00-17"},"content":{"rendered":"<p>Petit format Martin tr\u00e8s sympa. C&#8217;est un instrument avec un joli timbre mat, typique de ce genre d&#8217;instrument tout en acajou. La jouabilit\u00e9 est parfaite, le manche a \u00e9t\u00e9 reset\u00e9 avec un angle id\u00e9al. Comme vous pouvez le voir c&#8217;est un instrument en tr\u00e8s bon \u00e9tat avec seulement quelques accrocs au vernis mais aucune fente ou r\u00e9paration. Le chevalet original est en palissandre de Rio, ainsi que la touche et le plaquage de t\u00eate. Le manche et la caisse de la guitare sont en acajou du Honduras. C&#8217;est un tr\u00e8s bel instrument qui ne laisse personne indiff\u00e9rent. Il est fourni avec un \u00e9tui tweed r\u00e9cent.<\/p>\n","protected":false},"excerpt":{"rendered":"<p>Petit format Martin tr\u00e8s sympa. C&#8217;est un instrument avec un joli timbre mat, typique de ce genre d&#8217;instrument tout en acajou. La jouabilit\u00e9 est parfaite, le manche a \u00e9t\u00e9 reset\u00e9 avec un angle id\u00e9al. Comme vous pouvez le voir c&#8217;est un instrument en tr\u00e8s bon \u00e9tat avec seulement quelques accrocs au vernis mais aucune fente [&hellip;]<\/p>\n","protected":false},"featured_media":6692,"template":"","meta":{"_acf_changed":false},"product_brand":[],"product_cat":[15,8,30],"product_tag":[],"class_list":{"0":"post-6721","1":"product","2":"type-product","3":"status-publish","4":"has-post-thumbnail","6":"product_cat-accoustic","7":"product_cat-guitars","8":"product_cat-sold","10":"first","11":"instock","12":"shipping-taxable","13":"purchasable","14":"product-type-simple"},"acf":[],"_links":{"self":[{"href":"https:\/\/vintageguitars.fr\/en\/wp-json\/wp\/v2\/product\/6721","targetHints":{"allow":["GET"]}}],"collection":[{"href":"https:\/\/vintageguitars.fr\/en\/wp-json\/wp\/v2\/product"}],"about":[{"href":"https:\/\/vintageguitars.fr\/en\/wp-json\/wp\/v2\/types\/product"}],"wp:featuredmedia":[{"embeddable":true,"href":"https:\/\/vintageguitars.fr\/en\/wp-json\/wp\/v2\/media\/6692"}],"wp:attachment":[{"href":"https:\/\/vintageguitars.fr\/en\/wp-json\/wp\/v2\/media?parent=6721"}],"wp:term":[{"taxonomy":"product_brand","embeddable":true,"href":"https:\/\/vintageguitars.fr\/en\/wp-json\/wp\/v2\/product_brand?post=6721"},{"taxonomy":"product_cat","embeddable":true,"href":"https:\/\/vintageguitars.fr\/en\/wp-json\/wp\/v2\/product_cat?post=6721"},{"taxonomy":"product_tag","embeddable":true,"href":"https:\/\/vintageguitars.fr\/en\/wp-json\/wp\/v2\/product_tag?post=6721"}],"curies":[{"name":"wp","href":"https:\/\/api.w.org\/{rel}","templated":true}]}}