{"id":6689,"date":"2018-09-17T13:07:18","date_gmt":"2018-09-17T11:07:18","guid":{"rendered":"http:\/\/vintageguitars.fr\/en\/product\/gibson-melody-maker\/"},"modified":"2019-05-15T10:29:56","modified_gmt":"2019-05-15T08:29:56","slug":"gibson-melody-maker","status":"publish","type":"product","link":"https:\/\/vintageguitars.fr\/en\/produit\/gibson-melody-maker\/","title":{"rendered":"Gibson Melody Maker"},"content":{"rendered":"<p>Trouver une Gibson de 1962 en parfait \u00e9tat quelque soit le mod\u00e8le devient de plus en plus difficile. Et nous n&#8217;allons pas bouder notre plaisir m\u00eame s&#8217;il s&#8217;agit d&#8217;un mod\u00e8le d&#8217;entr\u00e9e de gamme de l&#8217;\u00e9poque. Cette Melody Maker poss\u00e8de tout de m\u00eame une touche en Palissandre de Rio, un corps et un manche en acajou du Honduras, ce dont peu de guitares modernes peuvent se targuer. Celle-ci joue parfaitement. Elle sonne vraiment bien, c&#8217;est une des rares Gibson \u00e9quip\u00e9e d&#8217;un micro simple. Bien claquant. Bien rock. Pensez Joan Jett. C&#8217;est un instrument bien r\u00e9sonant, enti\u00e8rement original et avec son \u00e9tui croco original. Le prix reste tr\u00e8s abordable compar\u00e9 aux autres mod\u00e8les Gibson de la m\u00eame ann\u00e9e.<\/p>\n","protected":false},"excerpt":{"rendered":"<p>Trouver une Gibson de 1962 en parfait \u00e9tat quelque soit le mod\u00e8le devient de plus en plus difficile. Et nous n&#8217;allons pas bouder notre plaisir m\u00eame s&#8217;il s&#8217;agit d&#8217;un mod\u00e8le d&#8217;entr\u00e9e de gamme de l&#8217;\u00e9poque. Cette Melody Maker poss\u00e8de tout de m\u00eame une touche en Palissandre de Rio, un corps et un manche en acajou [&hellip;]<\/p>\n","protected":false},"featured_media":6671,"template":"","meta":{"_acf_changed":false},"product_brand":[],"product_cat":[18,8,30],"product_tag":[],"class_list":{"0":"post-6689","1":"product","2":"type-product","3":"status-publish","4":"has-post-thumbnail","6":"product_cat-electric","7":"product_cat-guitars","8":"product_cat-sold","10":"first","11":"instock","12":"shipping-taxable","13":"purchasable","14":"product-type-simple"},"acf":[],"_links":{"self":[{"href":"https:\/\/vintageguitars.fr\/en\/wp-json\/wp\/v2\/product\/6689","targetHints":{"allow":["GET"]}}],"collection":[{"href":"https:\/\/vintageguitars.fr\/en\/wp-json\/wp\/v2\/product"}],"about":[{"href":"https:\/\/vintageguitars.fr\/en\/wp-json\/wp\/v2\/types\/product"}],"wp:featuredmedia":[{"embeddable":true,"href":"https:\/\/vintageguitars.fr\/en\/wp-json\/wp\/v2\/media\/6671"}],"wp:attachment":[{"href":"https:\/\/vintageguitars.fr\/en\/wp-json\/wp\/v2\/media?parent=6689"}],"wp:term":[{"taxonomy":"product_brand","embeddable":true,"href":"https:\/\/vintageguitars.fr\/en\/wp-json\/wp\/v2\/product_brand?post=6689"},{"taxonomy":"product_cat","embeddable":true,"href":"https:\/\/vintageguitars.fr\/en\/wp-json\/wp\/v2\/product_cat?post=6689"},{"taxonomy":"product_tag","embeddable":true,"href":"https:\/\/vintageguitars.fr\/en\/wp-json\/wp\/v2\/product_tag?post=6689"}],"curies":[{"name":"wp","href":"https:\/\/api.w.org\/{rel}","templated":true}]}}