{"id":6549,"date":"2018-07-02T17:33:40","date_gmt":"2018-07-02T15:33:40","guid":{"rendered":"http:\/\/vintageguitars.fr\/en\/product\/gibson-es-355td-mono\/"},"modified":"2018-07-29T10:32:07","modified_gmt":"2018-07-29T08:32:07","slug":"gibson-es-355td-mono","status":"publish","type":"product","link":"https:\/\/vintageguitars.fr\/en\/produit\/gibson-es-355td-mono\/","title":{"rendered":"Gibson ES-355TD mono"},"content":{"rendered":"<p>Superbe instrument, sans modification et en parfait \u00e9tat. Il s&#8217;agit d&#8217;un mod\u00e8le Mono avec manche large de 42mm au sillet. Probablement un des derniers avec cette largeur de manche. Comme vous le savez cela fait une grosse diff\u00e9rence sur le prix. L&#8217;instrument joue \u00e0 merveille. Les micros Patent numbers sont fantastiques et pas une soudure n&#8217;a \u00e9t\u00e9 touch\u00e9e. Trouver une guitare aussi rare, en mono avec manche large est un d\u00e9fi, c&#8217;est comme trouver une aiguille dans une botte de foin. En \u00e9tui rigide original.<\/p>\n","protected":false},"excerpt":{"rendered":"<p>Superbe instrument, sans modification et en parfait \u00e9tat. Il s&#8217;agit d&#8217;un mod\u00e8le Mono avec manche large de 42mm au sillet. Probablement un des derniers avec cette largeur de manche. Comme vous le savez cela fait une grosse diff\u00e9rence sur le prix. L&#8217;instrument joue \u00e0 merveille. Les micros Patent numbers sont fantastiques et pas une soudure [&hellip;]<\/p>\n","protected":false},"featured_media":6530,"template":"","meta":{"_acf_changed":false},"product_brand":[],"product_cat":[18,8,30],"product_tag":[],"class_list":{"0":"post-6549","1":"product","2":"type-product","3":"status-publish","4":"has-post-thumbnail","6":"product_cat-electric","7":"product_cat-guitars","8":"product_cat-sold","10":"first","11":"instock","12":"shipping-taxable","13":"purchasable","14":"product-type-simple"},"acf":[],"_links":{"self":[{"href":"https:\/\/vintageguitars.fr\/en\/wp-json\/wp\/v2\/product\/6549","targetHints":{"allow":["GET"]}}],"collection":[{"href":"https:\/\/vintageguitars.fr\/en\/wp-json\/wp\/v2\/product"}],"about":[{"href":"https:\/\/vintageguitars.fr\/en\/wp-json\/wp\/v2\/types\/product"}],"wp:featuredmedia":[{"embeddable":true,"href":"https:\/\/vintageguitars.fr\/en\/wp-json\/wp\/v2\/media\/6530"}],"wp:attachment":[{"href":"https:\/\/vintageguitars.fr\/en\/wp-json\/wp\/v2\/media?parent=6549"}],"wp:term":[{"taxonomy":"product_brand","embeddable":true,"href":"https:\/\/vintageguitars.fr\/en\/wp-json\/wp\/v2\/product_brand?post=6549"},{"taxonomy":"product_cat","embeddable":true,"href":"https:\/\/vintageguitars.fr\/en\/wp-json\/wp\/v2\/product_cat?post=6549"},{"taxonomy":"product_tag","embeddable":true,"href":"https:\/\/vintageguitars.fr\/en\/wp-json\/wp\/v2\/product_tag?post=6549"}],"curies":[{"name":"wp","href":"https:\/\/api.w.org\/{rel}","templated":true}]}}