{"id":6507,"date":"2018-06-30T13:39:41","date_gmt":"2018-06-30T11:39:41","guid":{"rendered":"http:\/\/vintageguitars.fr\/en\/product\/fender-jazzmaster-2\/"},"modified":"2018-09-13T13:45:40","modified_gmt":"2018-09-13T11:45:40","slug":"fender-jazzmaster-2","status":"publish","type":"product","link":"https:\/\/vintageguitars.fr\/en\/produit\/fender-jazzmaster-2\/","title":{"rendered":"Fender Jazzmaster"},"content":{"rendered":"<p>Jazzmaster au mojo de folie.<\/p>\n<p>Comme vous pouvez le constater c&#8217;est une guitare qui a jou\u00e9. Le vernis est pas mal ab\u00eem\u00e9 au dos de la guitare mais il n&#8217;y a eu aucune casse. Toutes les pi\u00e8ces sont d&#8217;origine, \u00e0 l&#8217;exception peut-\u00eatre du capuchon plastique du s\u00e9lecteur de position, c&#8217;est qui n&#8217;est pas bien grave vous en conviendrez. Elle a aussi eu d&#8217;autres m\u00e9caniques fut un temps mais ce sont les originales qui sont aujourd&#8217;hui mont\u00e9es. Elle tient bien l&#8217;accord. Le manche est une autoroute. Elle sonne, c&#8217;est une guitare vraiment l\u00e9g\u00e8re qui vibre tr\u00e8s bien puisqu&#8217;elle ne fait que 3,7kg. Vous ne la l\u00e2cherez pas !<\/p>\n<p>En \u00e9tui rigide original.<\/p>\n","protected":false},"excerpt":{"rendered":"<p>Jazzmaster au mojo de folie. Comme vous pouvez le constater c&#8217;est une guitare qui a jou\u00e9. Le vernis est pas mal ab\u00eem\u00e9 au dos de la guitare mais il n&#8217;y a eu aucune casse. Toutes les pi\u00e8ces sont d&#8217;origine, \u00e0 l&#8217;exception peut-\u00eatre du capuchon plastique du s\u00e9lecteur de position, c&#8217;est qui n&#8217;est pas bien grave [&hellip;]<\/p>\n","protected":false},"featured_media":6434,"template":"","meta":{"_acf_changed":false},"product_brand":[],"product_cat":[18,8,30],"product_tag":[],"class_list":{"0":"post-6507","1":"product","2":"type-product","3":"status-publish","4":"has-post-thumbnail","6":"product_cat-electric","7":"product_cat-guitars","8":"product_cat-sold","10":"first","11":"instock","12":"shipping-taxable","13":"purchasable","14":"product-type-simple"},"acf":[],"_links":{"self":[{"href":"https:\/\/vintageguitars.fr\/en\/wp-json\/wp\/v2\/product\/6507","targetHints":{"allow":["GET"]}}],"collection":[{"href":"https:\/\/vintageguitars.fr\/en\/wp-json\/wp\/v2\/product"}],"about":[{"href":"https:\/\/vintageguitars.fr\/en\/wp-json\/wp\/v2\/types\/product"}],"wp:featuredmedia":[{"embeddable":true,"href":"https:\/\/vintageguitars.fr\/en\/wp-json\/wp\/v2\/media\/6434"}],"wp:attachment":[{"href":"https:\/\/vintageguitars.fr\/en\/wp-json\/wp\/v2\/media?parent=6507"}],"wp:term":[{"taxonomy":"product_brand","embeddable":true,"href":"https:\/\/vintageguitars.fr\/en\/wp-json\/wp\/v2\/product_brand?post=6507"},{"taxonomy":"product_cat","embeddable":true,"href":"https:\/\/vintageguitars.fr\/en\/wp-json\/wp\/v2\/product_cat?post=6507"},{"taxonomy":"product_tag","embeddable":true,"href":"https:\/\/vintageguitars.fr\/en\/wp-json\/wp\/v2\/product_tag?post=6507"}],"curies":[{"name":"wp","href":"https:\/\/api.w.org\/{rel}","templated":true}]}}