{"id":6503,"date":"2018-06-30T13:52:21","date_gmt":"2018-06-30T11:52:21","guid":{"rendered":"http:\/\/vintageguitars.fr\/en\/product\/fender-telecaster-deluxe\/"},"modified":"2018-09-24T09:21:39","modified_gmt":"2018-09-24T07:21:39","slug":"fender-telecaster-deluxe","status":"publish","type":"product","link":"https:\/\/vintageguitars.fr\/en\/produit\/fender-telecaster-deluxe\/","title":{"rendered":"Fender Telecaster Deluxe"},"content":{"rendered":"<p>La Telecaster Deluxe est un mod\u00e8le vraiment int\u00e9ressant des ann\u00e9es 70. Equip\u00e9e d&#8217;une paire de humbuckers Wide Range d\u00e9sign\u00e9s par Seth Lover ( inventeur des PAF pour Gibson, il connaissait un peu le domaine&#8230;.), c&#8217;est un instrument tr\u00e8s appr\u00e9ci\u00e9 de la sc\u00e8ne rock, des ann\u00e9es 70 \u00e0 nos jours. Ces micros sont plus clairs et moins gras que leur \u00e9quivalent Gibson et se marient tr\u00e8s bien avec la lutherie Fender. C&#8217;est un assemblage vraiment r\u00e9ussi. Qui plus est avec cette touche \u00e9rable. On retrouve une belle brillance et bon claquant, si caract\u00e9ristique d&#8217;une bonne Fender. Ce mod\u00e8le en particulier est en excellent \u00e9tat, sans modification ou r\u00e9paration. Le vernis est en bon \u00e9tat, il est f\u00eal\u00e9 au niveau de la jonction corps-manche ( qui est une partie qui travaille beaucoup naturellement ), c&#8217;est juste le vernis, et non le bois. Le manche est tr\u00e8s confortable avec une action basse, c&#8217;est un instrument qui se joue vraiment sans effort. Si vous n&#8217;aimez pas forcer \u00e7a devrait vous plaire. Elle est fournie en \u00e9tui rigide.<\/p>\n","protected":false},"excerpt":{"rendered":"<p>La Telecaster Deluxe est un mod\u00e8le vraiment int\u00e9ressant des ann\u00e9es 70. Equip\u00e9e d&#8217;une paire de humbuckers Wide Range d\u00e9sign\u00e9s par Seth Lover ( inventeur des PAF pour Gibson, il connaissait un peu le domaine&#8230;.), c&#8217;est un instrument tr\u00e8s appr\u00e9ci\u00e9 de la sc\u00e8ne rock, des ann\u00e9es 70 \u00e0 nos jours. Ces micros sont plus clairs et [&hellip;]<\/p>\n","protected":false},"featured_media":6465,"template":"","meta":{"_acf_changed":false},"product_brand":[],"product_cat":[18,8,30],"product_tag":[],"class_list":{"0":"post-6503","1":"product","2":"type-product","3":"status-publish","4":"has-post-thumbnail","6":"product_cat-electric","7":"product_cat-guitars","8":"product_cat-sold","10":"first","11":"instock","12":"shipping-taxable","13":"purchasable","14":"product-type-simple"},"acf":[],"_links":{"self":[{"href":"https:\/\/vintageguitars.fr\/en\/wp-json\/wp\/v2\/product\/6503","targetHints":{"allow":["GET"]}}],"collection":[{"href":"https:\/\/vintageguitars.fr\/en\/wp-json\/wp\/v2\/product"}],"about":[{"href":"https:\/\/vintageguitars.fr\/en\/wp-json\/wp\/v2\/types\/product"}],"wp:featuredmedia":[{"embeddable":true,"href":"https:\/\/vintageguitars.fr\/en\/wp-json\/wp\/v2\/media\/6465"}],"wp:attachment":[{"href":"https:\/\/vintageguitars.fr\/en\/wp-json\/wp\/v2\/media?parent=6503"}],"wp:term":[{"taxonomy":"product_brand","embeddable":true,"href":"https:\/\/vintageguitars.fr\/en\/wp-json\/wp\/v2\/product_brand?post=6503"},{"taxonomy":"product_cat","embeddable":true,"href":"https:\/\/vintageguitars.fr\/en\/wp-json\/wp\/v2\/product_cat?post=6503"},{"taxonomy":"product_tag","embeddable":true,"href":"https:\/\/vintageguitars.fr\/en\/wp-json\/wp\/v2\/product_tag?post=6503"}],"curies":[{"name":"wp","href":"https:\/\/api.w.org\/{rel}","templated":true}]}}