{"id":6105,"date":"2019-10-31T10:29:07","date_gmt":"2019-10-31T09:29:07","guid":{"rendered":"http:\/\/vintageguitars.fr\/en\/product\/epiphone-texan-ft-79\/"},"modified":"2020-02-14T14:51:20","modified_gmt":"2020-02-14T13:51:20","slug":"epiphone-texan-ft-79","status":"publish","type":"product","link":"https:\/\/vintageguitars.fr\/en\/produit\/epiphone-texan-ft-79\/","title":{"rendered":"Epiphone Texan FT-79"},"content":{"rendered":"<p>Paul McCartney a achet\u00e9 son Epiphone Texan de 1964 en 1965. \u00a0C&#8217;\u00e9tait un mod\u00e8le droitier de finition naturelle, qu&#8217;il convertit en gaucher ensuite, structurellement identique \u00e0 celui qui vous est ici propos\u00e9. Fabriqu\u00e9 par Gibson dans l&#8217;usine de Kalamazoo, ce mod\u00e8le est en excellent \u00e9tat, sans aucune fracture. A noter seulement un trou de jack sur l&#8217;\u00e9clisse qui n&#8217;a pas \u00e9t\u00e9 rebouch\u00e9. Si vous souhaitez installer un micro de rosace, rien de plus facile, j&#8217;ai d&#8217;ailleurs un vieux Dearmond qui s&#8217;y pr\u00eaterait parfaitement&#8230;. Nous avons chang\u00e9 le sillet pour une meilleure intonation. C&#8217;est un instrument incroyablement facile \u00e0 jouer et qui sonne tr\u00e8s bien. R\u00e9\u00e9coutez &#8220;Yesterday&#8221; c&#8217;est une Texan de 1964. D&#8217;autres guitaristes de premier plan comme Hendrix, Cobain, Nash, No\u00ebl Gallagher excusez du peu, utilis\u00e8rent \u00e9galement une FT-79 Texan. En \u00e9tui SKB r\u00e9cent, tr\u00e8s costaud et tr\u00e8s protecteur.<\/p>\n","protected":false},"excerpt":{"rendered":"<p>Paul McCartney a achet\u00e9 son Epiphone Texan de 1964 en 1965. \u00a0C&#8217;\u00e9tait un mod\u00e8le droitier de finition naturelle, qu&#8217;il convertit en gaucher ensuite, structurellement identique \u00e0 celui qui vous est ici propos\u00e9. Fabriqu\u00e9 par Gibson dans l&#8217;usine de Kalamazoo, ce mod\u00e8le est en excellent \u00e9tat, sans aucune fracture. A noter seulement un trou de jack [&hellip;]<\/p>\n","protected":false},"featured_media":6096,"template":"","meta":{"_acf_changed":false},"product_brand":[],"product_cat":[15,8,30],"product_tag":[],"class_list":{"0":"post-6105","1":"product","2":"type-product","3":"status-publish","4":"has-post-thumbnail","6":"product_cat-accoustic","7":"product_cat-guitars","8":"product_cat-sold","10":"first","11":"instock","12":"shipping-taxable","13":"purchasable","14":"product-type-simple"},"acf":[],"_links":{"self":[{"href":"https:\/\/vintageguitars.fr\/en\/wp-json\/wp\/v2\/product\/6105","targetHints":{"allow":["GET"]}}],"collection":[{"href":"https:\/\/vintageguitars.fr\/en\/wp-json\/wp\/v2\/product"}],"about":[{"href":"https:\/\/vintageguitars.fr\/en\/wp-json\/wp\/v2\/types\/product"}],"wp:featuredmedia":[{"embeddable":true,"href":"https:\/\/vintageguitars.fr\/en\/wp-json\/wp\/v2\/media\/6096"}],"wp:attachment":[{"href":"https:\/\/vintageguitars.fr\/en\/wp-json\/wp\/v2\/media?parent=6105"}],"wp:term":[{"taxonomy":"product_brand","embeddable":true,"href":"https:\/\/vintageguitars.fr\/en\/wp-json\/wp\/v2\/product_brand?post=6105"},{"taxonomy":"product_cat","embeddable":true,"href":"https:\/\/vintageguitars.fr\/en\/wp-json\/wp\/v2\/product_cat?post=6105"},{"taxonomy":"product_tag","embeddable":true,"href":"https:\/\/vintageguitars.fr\/en\/wp-json\/wp\/v2\/product_tag?post=6105"}],"curies":[{"name":"wp","href":"https:\/\/api.w.org\/{rel}","templated":true}]}}