{"id":5936,"date":"2018-06-11T18:16:46","date_gmt":"2018-06-11T16:16:46","guid":{"rendered":"http:\/\/vintageguitars.fr\/en\/product\/fender-stratocaster-5-2\/"},"modified":"2018-09-13T13:54:55","modified_gmt":"2018-09-13T11:54:55","slug":"fender-stratocaster-5","status":"publish","type":"product","link":"https:\/\/vintageguitars.fr\/en\/produit\/fender-stratocaster-5\/","title":{"rendered":"Fender Stratocaster"},"content":{"rendered":"<p>Un bel exemplaire de la derni\u00e8re g\u00e9n\u00e9ration de Strat \u00e0 4 vis. Le vernis et la peinture sont d&#8217;origine. La seule modification concerne l&#8217;\u00e9lectronique: les potards ont \u00e9t\u00e9 remplac\u00e9s et le s\u00e9lecteur chang\u00e9 pour un 5 positions comme bien souvent. Les micros grey bottom sont originaux et sonnent tr\u00e8s bien. La touche est en palissandre de Rio.Le sunburst original est tout \u00e0 fait dans l&#8217;esprit 60s de la marque. On est d\u00e9finitivement plus pr\u00eat d&#8217;un mod\u00e8le fin 60s que d&#8217;un mod\u00e8le 70s, \u00e0 tous points de vue. L&#8217;instrument est livr\u00e9 en \u00e9tui rigide original.<\/p>\n","protected":false},"excerpt":{"rendered":"<p>Un bel exemplaire de la derni\u00e8re g\u00e9n\u00e9ration de Strat \u00e0 4 vis. Le vernis et la peinture sont d&#8217;origine. La seule modification concerne l&#8217;\u00e9lectronique: les potards ont \u00e9t\u00e9 remplac\u00e9s et le s\u00e9lecteur chang\u00e9 pour un 5 positions comme bien souvent. Les micros grey bottom sont originaux et sonnent tr\u00e8s bien. La touche est en palissandre [&hellip;]<\/p>\n","protected":false},"featured_media":5913,"template":"","meta":{"_acf_changed":false},"product_brand":[],"product_cat":[18,8,30],"product_tag":[],"class_list":{"0":"post-5936","1":"product","2":"type-product","3":"status-publish","4":"has-post-thumbnail","6":"product_cat-electric","7":"product_cat-guitars","8":"product_cat-sold","10":"first","11":"instock","12":"shipping-taxable","13":"purchasable","14":"product-type-simple"},"acf":[],"_links":{"self":[{"href":"https:\/\/vintageguitars.fr\/en\/wp-json\/wp\/v2\/product\/5936","targetHints":{"allow":["GET"]}}],"collection":[{"href":"https:\/\/vintageguitars.fr\/en\/wp-json\/wp\/v2\/product"}],"about":[{"href":"https:\/\/vintageguitars.fr\/en\/wp-json\/wp\/v2\/types\/product"}],"wp:featuredmedia":[{"embeddable":true,"href":"https:\/\/vintageguitars.fr\/en\/wp-json\/wp\/v2\/media\/5913"}],"wp:attachment":[{"href":"https:\/\/vintageguitars.fr\/en\/wp-json\/wp\/v2\/media?parent=5936"}],"wp:term":[{"taxonomy":"product_brand","embeddable":true,"href":"https:\/\/vintageguitars.fr\/en\/wp-json\/wp\/v2\/product_brand?post=5936"},{"taxonomy":"product_cat","embeddable":true,"href":"https:\/\/vintageguitars.fr\/en\/wp-json\/wp\/v2\/product_cat?post=5936"},{"taxonomy":"product_tag","embeddable":true,"href":"https:\/\/vintageguitars.fr\/en\/wp-json\/wp\/v2\/product_tag?post=5936"}],"curies":[{"name":"wp","href":"https:\/\/api.w.org\/{rel}","templated":true}]}}