{"id":5884,"date":"2018-05-17T16:15:55","date_gmt":"2018-05-17T14:15:55","guid":{"rendered":"http:\/\/vintageguitars.fr\/en\/product\/gibson-j-45-3\/"},"modified":"2018-11-23T10:38:53","modified_gmt":"2018-11-23T09:38:53","slug":"gibson-j-45-3","status":"publish","type":"product","link":"https:\/\/vintageguitars.fr\/en\/produit\/gibson-j-45-3\/","title":{"rendered":"Gibson J-45"},"content":{"rendered":"<p>Magnifique instrument en \u00e9tat remarquable. Aucune r\u00e9paration, aucune fente, si ce n&#8217;est un tout petit d\u00e9collement li\u00e9 au pickguard. Il est tr\u00e8s difficile de trouver une J-45 de cette \u00e9poque dans cet \u00e9tat. Le son est monstrueux, fantastique, atomique, je ne sais quel \u00e9pith\u00e8te choisir, c&#8217;est vraiment quelque chose. Le manche est charnu et bien droit, sans \u00eatre de la taille d&#8217;une banner il est plus \u00e9pais que sur les mod\u00e8les 60s ( \u00e9paisseur 25mm \u00e0 la premi\u00e8re frette, 43 mm de large au sillet ). Elle est livr\u00e9e avec un \u00e9tui rigide SKB neuf, \u00e0 la bonne taille et qui la prot\u00e8ge tr\u00e8s bien. Ne la ratez pas, c&#8217;est une occasion rare.<\/p>\n","protected":false},"excerpt":{"rendered":"<p>Magnifique instrument en \u00e9tat remarquable. Aucune r\u00e9paration, aucune fente, si ce n&#8217;est un tout petit d\u00e9collement li\u00e9 au pickguard. Il est tr\u00e8s difficile de trouver une J-45 de cette \u00e9poque dans cet \u00e9tat. Le son est monstrueux, fantastique, atomique, je ne sais quel \u00e9pith\u00e8te choisir, c&#8217;est vraiment quelque chose. Le manche est charnu et bien [&hellip;]<\/p>\n","protected":false},"featured_media":5851,"template":"","meta":{"_acf_changed":false},"product_brand":[],"product_cat":[15,8,30],"product_tag":[],"class_list":{"0":"post-5884","1":"product","2":"type-product","3":"status-publish","4":"has-post-thumbnail","6":"product_cat-accoustic","7":"product_cat-guitars","8":"product_cat-sold","10":"first","11":"instock","12":"shipping-taxable","13":"purchasable","14":"product-type-simple"},"acf":[],"_links":{"self":[{"href":"https:\/\/vintageguitars.fr\/en\/wp-json\/wp\/v2\/product\/5884","targetHints":{"allow":["GET"]}}],"collection":[{"href":"https:\/\/vintageguitars.fr\/en\/wp-json\/wp\/v2\/product"}],"about":[{"href":"https:\/\/vintageguitars.fr\/en\/wp-json\/wp\/v2\/types\/product"}],"wp:featuredmedia":[{"embeddable":true,"href":"https:\/\/vintageguitars.fr\/en\/wp-json\/wp\/v2\/media\/5851"}],"wp:attachment":[{"href":"https:\/\/vintageguitars.fr\/en\/wp-json\/wp\/v2\/media?parent=5884"}],"wp:term":[{"taxonomy":"product_brand","embeddable":true,"href":"https:\/\/vintageguitars.fr\/en\/wp-json\/wp\/v2\/product_brand?post=5884"},{"taxonomy":"product_cat","embeddable":true,"href":"https:\/\/vintageguitars.fr\/en\/wp-json\/wp\/v2\/product_cat?post=5884"},{"taxonomy":"product_tag","embeddable":true,"href":"https:\/\/vintageguitars.fr\/en\/wp-json\/wp\/v2\/product_tag?post=5884"}],"curies":[{"name":"wp","href":"https:\/\/api.w.org\/{rel}","templated":true}]}}