{"id":5848,"date":"2018-05-15T16:38:41","date_gmt":"2018-05-15T14:38:41","guid":{"rendered":"http:\/\/vintageguitars.fr\/en\/product\/washburn-parlor\/"},"modified":"2018-07-14T19:05:06","modified_gmt":"2018-07-14T17:05:06","slug":"washburn-parlor","status":"publish","type":"product","link":"https:\/\/vintageguitars.fr\/en\/produit\/washburn-parlor\/","title":{"rendered":"Washburn parlor"},"content":{"rendered":"<p>Superbe instrument plus que centenaire. Un des premiers instruments con\u00e7us pour recevoir des cordes en acier. Difficile \u00e0 croire tant l&#8217;\u00e9tat est remarquable. C&#8217;est un instrument incroyablement l\u00e9ger construit en \u00e9pic\u00e9a et en acajou massif qui ne p\u00e8se que 980 grammes ! Sans probl\u00e8me la guitare la plus l\u00e9g\u00e8re qui soit pass\u00e9e ici. Et elle sonne! Elle a un mojo de folie. L&#8217;\u00e9tat g\u00e9n\u00e9ral est remarquable. A noter une toute petite fente, quasi invisible sur le fond qui ne fait que quelques centim\u00e8tres ( peut \u00eatre l\u00e0 depuis 70 ans&#8230;) et qui ne n\u00e9cessite \u00e0 mon avis pas d&#8217;intervention urgente. A surveiller au cours des prochains si\u00e8cles&#8230;Le manche en V est large et confortable, il fait 46mm au sillet, l&#8217;action est moyenne \u00e0 un tout petit peu moins 4mm \u00e0 la 12\u00e8me frette. Si vous voulez une guitare avec une action tr\u00e8s basse vous voudrez peut \u00eatre entreprendre un neck reset ou enlever un peu d&#8217;\u00e9paisseur au sillet de chevalet mais je la trouve tr\u00e8s bien ainsi personnellement. C&#8217;est une petite merveille.<\/p>\n","protected":false},"excerpt":{"rendered":"<p>Superbe instrument plus que centenaire. Un des premiers instruments con\u00e7us pour recevoir des cordes en acier. Difficile \u00e0 croire tant l&#8217;\u00e9tat est remarquable. C&#8217;est un instrument incroyablement l\u00e9ger construit en \u00e9pic\u00e9a et en acajou massif qui ne p\u00e8se que 980 grammes ! Sans probl\u00e8me la guitare la plus l\u00e9g\u00e8re qui soit pass\u00e9e ici. Et elle [&hellip;]<\/p>\n","protected":false},"featured_media":5825,"template":"","meta":{"_acf_changed":false},"product_brand":[],"product_cat":[15,8,30],"product_tag":[],"class_list":{"0":"post-5848","1":"product","2":"type-product","3":"status-publish","4":"has-post-thumbnail","6":"product_cat-accoustic","7":"product_cat-guitars","8":"product_cat-sold","10":"first","11":"instock","12":"shipping-taxable","13":"purchasable","14":"product-type-simple"},"acf":[],"_links":{"self":[{"href":"https:\/\/vintageguitars.fr\/en\/wp-json\/wp\/v2\/product\/5848","targetHints":{"allow":["GET"]}}],"collection":[{"href":"https:\/\/vintageguitars.fr\/en\/wp-json\/wp\/v2\/product"}],"about":[{"href":"https:\/\/vintageguitars.fr\/en\/wp-json\/wp\/v2\/types\/product"}],"wp:featuredmedia":[{"embeddable":true,"href":"https:\/\/vintageguitars.fr\/en\/wp-json\/wp\/v2\/media\/5825"}],"wp:attachment":[{"href":"https:\/\/vintageguitars.fr\/en\/wp-json\/wp\/v2\/media?parent=5848"}],"wp:term":[{"taxonomy":"product_brand","embeddable":true,"href":"https:\/\/vintageguitars.fr\/en\/wp-json\/wp\/v2\/product_brand?post=5848"},{"taxonomy":"product_cat","embeddable":true,"href":"https:\/\/vintageguitars.fr\/en\/wp-json\/wp\/v2\/product_cat?post=5848"},{"taxonomy":"product_tag","embeddable":true,"href":"https:\/\/vintageguitars.fr\/en\/wp-json\/wp\/v2\/product_tag?post=5848"}],"curies":[{"name":"wp","href":"https:\/\/api.w.org\/{rel}","templated":true}]}}