{"id":5386,"date":"2018-03-20T10:46:43","date_gmt":"2018-03-20T09:46:43","guid":{"rendered":"http:\/\/vintageguitars.fr\/en\/produit\/gibson-les-paul-standard\/"},"modified":"2018-05-10T18:02:02","modified_gmt":"2018-05-10T16:02:02","slug":"gibson-les-paul-standard","status":"publish","type":"product","link":"https:\/\/vintageguitars.fr\/en\/produit\/gibson-les-paul-standard\/","title":{"rendered":"Gibson Les Paul standard"},"content":{"rendered":"<p>Fantastique instrument en tr\u00e8s bel \u00e9tat. La finition cherry d&#8217;origine est quelque peu pass\u00e9e comme vous pouvez le voir mais il s&#8217;agit bien du vernis original. 2 micros humbuckers PAF originaux avec \u00e9lectronique d&#8217;origine et capacit\u00e9s bumble bees. Seul le cache du micro chevalet semble avoir \u00e9t\u00e9 remplac\u00e9. Aucune cassure ou r\u00e9paration. Manche fin et large, typique 61, hyper confortable. Son moelleux et pr\u00e9cis, une pure merveille. En \u00e9tui rigide d&#8217;origine.<\/p>\n","protected":false},"excerpt":{"rendered":"<p>Fantastique instrument en tr\u00e8s bel \u00e9tat. La finition cherry d&#8217;origine est quelque peu pass\u00e9e comme vous pouvez le voir mais il s&#8217;agit bien du vernis original. 2 micros humbuckers PAF originaux avec \u00e9lectronique d&#8217;origine et capacit\u00e9s bumble bees. Seul le cache du micro chevalet semble avoir \u00e9t\u00e9 remplac\u00e9. Aucune cassure ou r\u00e9paration. Manche fin et [&hellip;]<\/p>\n","protected":false},"featured_media":5359,"template":"","meta":{"_acf_changed":false},"product_brand":[],"product_cat":[18,8,30],"product_tag":[],"class_list":{"0":"post-5386","1":"product","2":"type-product","3":"status-publish","4":"has-post-thumbnail","6":"product_cat-electric","7":"product_cat-guitars","8":"product_cat-sold","10":"first","11":"instock","12":"shipping-taxable","13":"product-type-simple"},"acf":[],"_links":{"self":[{"href":"https:\/\/vintageguitars.fr\/en\/wp-json\/wp\/v2\/product\/5386","targetHints":{"allow":["GET"]}}],"collection":[{"href":"https:\/\/vintageguitars.fr\/en\/wp-json\/wp\/v2\/product"}],"about":[{"href":"https:\/\/vintageguitars.fr\/en\/wp-json\/wp\/v2\/types\/product"}],"wp:featuredmedia":[{"embeddable":true,"href":"https:\/\/vintageguitars.fr\/en\/wp-json\/wp\/v2\/media\/5359"}],"wp:attachment":[{"href":"https:\/\/vintageguitars.fr\/en\/wp-json\/wp\/v2\/media?parent=5386"}],"wp:term":[{"taxonomy":"product_brand","embeddable":true,"href":"https:\/\/vintageguitars.fr\/en\/wp-json\/wp\/v2\/product_brand?post=5386"},{"taxonomy":"product_cat","embeddable":true,"href":"https:\/\/vintageguitars.fr\/en\/wp-json\/wp\/v2\/product_cat?post=5386"},{"taxonomy":"product_tag","embeddable":true,"href":"https:\/\/vintageguitars.fr\/en\/wp-json\/wp\/v2\/product_tag?post=5386"}],"curies":[{"name":"wp","href":"https:\/\/api.w.org\/{rel}","templated":true}]}}