{"id":5076,"date":"2018-01-27T10:22:42","date_gmt":"2018-01-27T09:22:42","guid":{"rendered":"http:\/\/vintageguitars.fr\/en\/produit\/firebird-v-12\/"},"modified":"2018-03-30T15:53:32","modified_gmt":"2018-03-30T13:53:32","slug":"firebird-v-12","status":"publish","type":"product","link":"https:\/\/vintageguitars.fr\/en\/produit\/firebird-v-12\/","title":{"rendered":"Firebird V-12"},"content":{"rendered":"<p>Fabriqu\u00e9es \u00e0 seulement 272 exemplaires de fin 1965 \u00e0 1967, la firebird V12 est un oiseau rare. Cet instrument en particulier a jou\u00e9, comme tr\u00e8s souvent sur les Firebirds le pickguard a craqu\u00e9, on n&#8217;y coupe pas. Le manche et le talon ne sont pas cass\u00e9s cela m\u00e9rite d&#8217;\u00eatre pr\u00e9cis\u00e9 car c&#8217;est aussi assez fr\u00e9quent sur ces mod\u00e8les. Il y a une fente sans gravit\u00e9 au niveau de la cavit\u00e9 \u00e9lectronique. \u00a0Le vernis cellulo est en bon \u00e9tat avec bien s\u00fbr des marques de jeu pr\u00e9sentes sur l&#8217;ensemble de la guitare. On peut apercevoir selon l&#8217;angle de la lumi\u00e8re les traces d&#8217;un autocollant derri\u00e8re le chevalet. C&#8217;est un instrument bien jouable avec un manche tr\u00e8s agr\u00e9able, loin d&#8217;\u00eatre une b\u00fbche, la largeur au sillet est de 40mm. La guitare est \u00e9quip\u00e9e de 2 mini humbuckers originaux. En \u00e9tui rigide original.<\/p>\n","protected":false},"excerpt":{"rendered":"<p>Fabriqu\u00e9es \u00e0 seulement 272 exemplaires de fin 1965 \u00e0 1967, la firebird V12 est un oiseau rare. Cet instrument en particulier a jou\u00e9, comme tr\u00e8s souvent sur les Firebirds le pickguard a craqu\u00e9, on n&#8217;y coupe pas. Le manche et le talon ne sont pas cass\u00e9s cela m\u00e9rite d&#8217;\u00eatre pr\u00e9cis\u00e9 car c&#8217;est aussi assez fr\u00e9quent [&hellip;]<\/p>\n","protected":false},"featured_media":4975,"template":"","meta":{"_acf_changed":false},"product_brand":[],"product_cat":[18,8,30],"product_tag":[],"class_list":{"0":"post-5076","1":"product","2":"type-product","3":"status-publish","4":"has-post-thumbnail","6":"product_cat-electric","7":"product_cat-guitars","8":"product_cat-sold","10":"first","11":"instock","12":"shipping-taxable","13":"purchasable","14":"product-type-simple"},"acf":[],"_links":{"self":[{"href":"https:\/\/vintageguitars.fr\/en\/wp-json\/wp\/v2\/product\/5076","targetHints":{"allow":["GET"]}}],"collection":[{"href":"https:\/\/vintageguitars.fr\/en\/wp-json\/wp\/v2\/product"}],"about":[{"href":"https:\/\/vintageguitars.fr\/en\/wp-json\/wp\/v2\/types\/product"}],"wp:featuredmedia":[{"embeddable":true,"href":"https:\/\/vintageguitars.fr\/en\/wp-json\/wp\/v2\/media\/4975"}],"wp:attachment":[{"href":"https:\/\/vintageguitars.fr\/en\/wp-json\/wp\/v2\/media?parent=5076"}],"wp:term":[{"taxonomy":"product_brand","embeddable":true,"href":"https:\/\/vintageguitars.fr\/en\/wp-json\/wp\/v2\/product_brand?post=5076"},{"taxonomy":"product_cat","embeddable":true,"href":"https:\/\/vintageguitars.fr\/en\/wp-json\/wp\/v2\/product_cat?post=5076"},{"taxonomy":"product_tag","embeddable":true,"href":"https:\/\/vintageguitars.fr\/en\/wp-json\/wp\/v2\/product_tag?post=5076"}],"curies":[{"name":"wp","href":"https:\/\/api.w.org\/{rel}","templated":true}]}}