{"id":4843,"date":"2017-12-21T16:34:49","date_gmt":"2017-12-21T15:34:49","guid":{"rendered":"http:\/\/vintageguitars.fr\/en\/produit\/national-resophonic\/"},"modified":"2018-01-25T07:07:58","modified_gmt":"2018-01-25T06:07:58","slug":"national-resophonic","status":"publish","type":"product","link":"https:\/\/vintageguitars.fr\/en\/produit\/national-resophonic\/","title":{"rendered":"National Resophonic"},"content":{"rendered":"<p>Petit format au diapason court, tr\u00e8s sympa, avec un son bien compress\u00e9. G\u00e9n\u00e9ralement le genre d&#8217;instrument qui pla\u00eet \u00e0 des musiciens pro en qu\u00eate de nouveau son, pour le studio, pour le tour bus car il ne prend pas de place ou pour le plaisir tout simplement. Celui-ci vient de chez notre cher brestois, Christophe Miossec. Il a fallu le r\u00e9gler ( pas Miossec, le r\u00e9sonateur) et changer les boutons de m\u00e9caniques et le voil\u00e0 reparti pour un tour de piste. Le c\u00f4ne et le biscuit sont originaux. Pas de casse ou de r\u00e9paration. Etui souple.<\/p>\n","protected":false},"excerpt":{"rendered":"<p>Petit format au diapason court, tr\u00e8s sympa, avec un son bien compress\u00e9. G\u00e9n\u00e9ralement le genre d&#8217;instrument qui pla\u00eet \u00e0 des musiciens pro en qu\u00eate de nouveau son, pour le studio, pour le tour bus car il ne prend pas de place ou pour le plaisir tout simplement. Celui-ci vient de chez notre cher brestois, Christophe [&hellip;]<\/p>\n","protected":false},"featured_media":4830,"template":"","meta":{"_acf_changed":false},"product_brand":[],"product_cat":[8,14,30],"product_tag":[],"class_list":{"0":"post-4843","1":"product","2":"type-product","3":"status-publish","4":"has-post-thumbnail","6":"product_cat-guitars","7":"product_cat-other","8":"product_cat-sold","10":"first","11":"instock","12":"shipping-taxable","13":"purchasable","14":"product-type-simple"},"acf":[],"_links":{"self":[{"href":"https:\/\/vintageguitars.fr\/en\/wp-json\/wp\/v2\/product\/4843","targetHints":{"allow":["GET"]}}],"collection":[{"href":"https:\/\/vintageguitars.fr\/en\/wp-json\/wp\/v2\/product"}],"about":[{"href":"https:\/\/vintageguitars.fr\/en\/wp-json\/wp\/v2\/types\/product"}],"wp:featuredmedia":[{"embeddable":true,"href":"https:\/\/vintageguitars.fr\/en\/wp-json\/wp\/v2\/media\/4830"}],"wp:attachment":[{"href":"https:\/\/vintageguitars.fr\/en\/wp-json\/wp\/v2\/media?parent=4843"}],"wp:term":[{"taxonomy":"product_brand","embeddable":true,"href":"https:\/\/vintageguitars.fr\/en\/wp-json\/wp\/v2\/product_brand?post=4843"},{"taxonomy":"product_cat","embeddable":true,"href":"https:\/\/vintageguitars.fr\/en\/wp-json\/wp\/v2\/product_cat?post=4843"},{"taxonomy":"product_tag","embeddable":true,"href":"https:\/\/vintageguitars.fr\/en\/wp-json\/wp\/v2\/product_tag?post=4843"}],"curies":[{"name":"wp","href":"https:\/\/api.w.org\/{rel}","templated":true}]}}