{"id":4462,"date":"2017-12-02T22:01:07","date_gmt":"2017-12-02T21:01:07","guid":{"rendered":"http:\/\/vintageguitars.fr\/en\/produit\/fender-jazz-bass\/"},"modified":"2018-04-25T16:05:44","modified_gmt":"2018-04-25T14:05:44","slug":"fender-jazz-bass","status":"publish","type":"product","link":"https:\/\/vintageguitars.fr\/en\/produit\/fender-jazz-bass\/","title":{"rendered":"Fender Jazz Bass"},"content":{"rendered":"<p>Tr\u00e8s bel instrument avec quelques marques de jeu mais aucune casse ou r\u00e9paration. Tr\u00e8s agr\u00e9able \u00e0 jouer, le manche est particuli\u00e8rement confortable. Les notes claquent bien comme on aime sur une JB. Les micros ont gard\u00e9 tout leur punch. Toutes pi\u00e8ces d&#8217;origine, tout est l\u00e0, \u00a0y compris les cache-micros si souvent manquants, mais on ne vous en voudra pas si vous les retirez pour jouer. En \u00e9tui rigide .<\/p>\n","protected":false},"excerpt":{"rendered":"<p>Tr\u00e8s bel instrument avec quelques marques de jeu mais aucune casse ou r\u00e9paration. Tr\u00e8s agr\u00e9able \u00e0 jouer, le manche est particuli\u00e8rement confortable. Les notes claquent bien comme on aime sur une JB. Les micros ont gard\u00e9 tout leur punch. Toutes pi\u00e8ces d&#8217;origine, tout est l\u00e0, \u00a0y compris les cache-micros si souvent manquants, mais on ne [&hellip;]<\/p>\n","protected":false},"featured_media":4508,"template":"","meta":{"_acf_changed":false},"product_brand":[],"product_cat":[16,30],"product_tag":[],"class_list":{"0":"post-4462","1":"product","2":"type-product","3":"status-publish","4":"has-post-thumbnail","6":"product_cat-bass","7":"product_cat-sold","9":"first","10":"instock","11":"shipping-taxable","12":"product-type-simple"},"acf":[],"_links":{"self":[{"href":"https:\/\/vintageguitars.fr\/en\/wp-json\/wp\/v2\/product\/4462","targetHints":{"allow":["GET"]}}],"collection":[{"href":"https:\/\/vintageguitars.fr\/en\/wp-json\/wp\/v2\/product"}],"about":[{"href":"https:\/\/vintageguitars.fr\/en\/wp-json\/wp\/v2\/types\/product"}],"wp:featuredmedia":[{"embeddable":true,"href":"https:\/\/vintageguitars.fr\/en\/wp-json\/wp\/v2\/media\/4508"}],"wp:attachment":[{"href":"https:\/\/vintageguitars.fr\/en\/wp-json\/wp\/v2\/media?parent=4462"}],"wp:term":[{"taxonomy":"product_brand","embeddable":true,"href":"https:\/\/vintageguitars.fr\/en\/wp-json\/wp\/v2\/product_brand?post=4462"},{"taxonomy":"product_cat","embeddable":true,"href":"https:\/\/vintageguitars.fr\/en\/wp-json\/wp\/v2\/product_cat?post=4462"},{"taxonomy":"product_tag","embeddable":true,"href":"https:\/\/vintageguitars.fr\/en\/wp-json\/wp\/v2\/product_tag?post=4462"}],"curies":[{"name":"wp","href":"https:\/\/api.w.org\/{rel}","templated":true}]}}