{"id":4446,"date":"2017-12-02T21:43:19","date_gmt":"2017-12-02T20:43:19","guid":{"rendered":"http:\/\/vintageguitars.fr\/en\/produit\/gibson-sg-junior\/"},"modified":"2018-02-17T16:05:14","modified_gmt":"2018-02-17T15:05:14","slug":"gibson-sg-junior","status":"publish","type":"product","link":"https:\/\/vintageguitars.fr\/en\/produit\/gibson-sg-junior\/","title":{"rendered":"Gibson SG Junior"},"content":{"rendered":"<p>Une majorit\u00e9 des SG de cette \u00e9poque ayant la t\u00eate cass\u00e9e, en trouver une intacte et en si bel \u00e9tat est une vraie chance. Alors si en plus elle a le feu ! \u00a0Il y a peu de guitare qui ont r\u00e9ussi \u00e0 faire cruncher mon Deluxe de 65 et le pousser dans ses retranchements. Celle ci en fait partie et je pense que \u00e7a en dit long sur la patate et la dynamique de cet instrument. Le manche est hyper agr\u00e9able, tr\u00e8s r\u00e9sonant. Et le P90 est hot, hot, hot. C&#8217;est m\u00eame assez intimidant au premier abord, puis tr\u00e8s rapidement jouissif. Elle est livr\u00e9e en \u00e9tui Les Paul des ann\u00e9es 80, ce qui explique peut \u00eatre pourquoi elle ne fut pas cass\u00e9e. On ne peut pas dire que les \u00e9tuis originaux en carton prot\u00e8gent vraiment contre les chocs&#8230;.<\/p>\n","protected":false},"excerpt":{"rendered":"<p>Une majorit\u00e9 des SG de cette \u00e9poque ayant la t\u00eate cass\u00e9e, en trouver une intacte et en si bel \u00e9tat est une vraie chance. Alors si en plus elle a le feu ! \u00a0Il y a peu de guitare qui ont r\u00e9ussi \u00e0 faire cruncher mon Deluxe de 65 et le pousser dans ses retranchements. [&hellip;]<\/p>\n","protected":false},"featured_media":4445,"template":"","meta":{"_acf_changed":false},"product_brand":[],"product_cat":[18,8,30],"product_tag":[],"class_list":{"0":"post-4446","1":"product","2":"type-product","3":"status-publish","4":"has-post-thumbnail","6":"product_cat-electric","7":"product_cat-guitars","8":"product_cat-sold","10":"first","11":"instock","12":"shipping-taxable","13":"purchasable","14":"product-type-simple"},"acf":[],"_links":{"self":[{"href":"https:\/\/vintageguitars.fr\/en\/wp-json\/wp\/v2\/product\/4446","targetHints":{"allow":["GET"]}}],"collection":[{"href":"https:\/\/vintageguitars.fr\/en\/wp-json\/wp\/v2\/product"}],"about":[{"href":"https:\/\/vintageguitars.fr\/en\/wp-json\/wp\/v2\/types\/product"}],"wp:featuredmedia":[{"embeddable":true,"href":"https:\/\/vintageguitars.fr\/en\/wp-json\/wp\/v2\/media\/4445"}],"wp:attachment":[{"href":"https:\/\/vintageguitars.fr\/en\/wp-json\/wp\/v2\/media?parent=4446"}],"wp:term":[{"taxonomy":"product_brand","embeddable":true,"href":"https:\/\/vintageguitars.fr\/en\/wp-json\/wp\/v2\/product_brand?post=4446"},{"taxonomy":"product_cat","embeddable":true,"href":"https:\/\/vintageguitars.fr\/en\/wp-json\/wp\/v2\/product_cat?post=4446"},{"taxonomy":"product_tag","embeddable":true,"href":"https:\/\/vintageguitars.fr\/en\/wp-json\/wp\/v2\/product_tag?post=4446"}],"curies":[{"name":"wp","href":"https:\/\/api.w.org\/{rel}","templated":true}]}}