{"id":4442,"date":"2017-12-02T21:39:48","date_gmt":"2017-12-02T20:39:48","guid":{"rendered":"http:\/\/vintageguitars.fr\/en\/produit\/fender-coronado-xii\/"},"modified":"2019-01-08T10:54:12","modified_gmt":"2019-01-08T09:54:12","slug":"fender-coronado-xii","status":"publish","type":"product","link":"https:\/\/vintageguitars.fr\/en\/produit\/fender-coronado-xii\/","title":{"rendered":"Fender Coronado XII"},"content":{"rendered":"<p>Certainement un des plus beaux exemplaires de ce mod\u00e8le qui nous soient pass\u00e9s entre les mains. L&#8217;instrument est enti\u00e8rement original et en parfait \u00e9tat. La peinture transparente, \u00e0 cheval entre le cerise et l&#8217;orang\u00e9, laisse appara\u00eetre un magnifique \u00e9rable flamm\u00e9, chose tr\u00e8s rare sur ces mod\u00e8les. En fait je n&#8217;ai pas souvenir d&#8217;avoir d\u00e9j\u00e0 vu ce type d&#8217;essence sur une Coronado. Le manche est parfaitement droit et elle joue \u00e0 merveille. En \u00e9tui rigide original lui aussi en tr\u00e8s bon \u00e9tat.<\/p>\n<p>&nbsp;<\/p>\n","protected":false},"excerpt":{"rendered":"<p>Certainement un des plus beaux exemplaires de ce mod\u00e8le qui nous soient pass\u00e9s entre les mains. L&#8217;instrument est enti\u00e8rement original et en parfait \u00e9tat. La peinture transparente, \u00e0 cheval entre le cerise et l&#8217;orang\u00e9, laisse appara\u00eetre un magnifique \u00e9rable flamm\u00e9, chose tr\u00e8s rare sur ces mod\u00e8les. En fait je n&#8217;ai pas souvenir d&#8217;avoir d\u00e9j\u00e0 vu [&hellip;]<\/p>\n","protected":false},"featured_media":4441,"template":"","meta":{"_acf_changed":false},"product_brand":[],"product_cat":[18,8,30],"product_tag":[],"class_list":{"0":"post-4442","1":"product","2":"type-product","3":"status-publish","4":"has-post-thumbnail","6":"product_cat-electric","7":"product_cat-guitars","8":"product_cat-sold","10":"first","11":"instock","12":"shipping-taxable","13":"purchasable","14":"product-type-simple"},"acf":[],"_links":{"self":[{"href":"https:\/\/vintageguitars.fr\/en\/wp-json\/wp\/v2\/product\/4442","targetHints":{"allow":["GET"]}}],"collection":[{"href":"https:\/\/vintageguitars.fr\/en\/wp-json\/wp\/v2\/product"}],"about":[{"href":"https:\/\/vintageguitars.fr\/en\/wp-json\/wp\/v2\/types\/product"}],"wp:featuredmedia":[{"embeddable":true,"href":"https:\/\/vintageguitars.fr\/en\/wp-json\/wp\/v2\/media\/4441"}],"wp:attachment":[{"href":"https:\/\/vintageguitars.fr\/en\/wp-json\/wp\/v2\/media?parent=4442"}],"wp:term":[{"taxonomy":"product_brand","embeddable":true,"href":"https:\/\/vintageguitars.fr\/en\/wp-json\/wp\/v2\/product_brand?post=4442"},{"taxonomy":"product_cat","embeddable":true,"href":"https:\/\/vintageguitars.fr\/en\/wp-json\/wp\/v2\/product_cat?post=4442"},{"taxonomy":"product_tag","embeddable":true,"href":"https:\/\/vintageguitars.fr\/en\/wp-json\/wp\/v2\/product_tag?post=4442"}],"curies":[{"name":"wp","href":"https:\/\/api.w.org\/{rel}","templated":true}]}}