{"id":4438,"date":"2017-12-02T21:36:44","date_gmt":"2017-12-02T20:36:44","guid":{"rendered":"http:\/\/vintageguitars.fr\/en\/produit\/fender-coronado-2\/"},"modified":"2018-06-18T20:27:01","modified_gmt":"2018-06-18T18:27:01","slug":"fender-coronado-2","status":"publish","type":"product","link":"https:\/\/vintageguitars.fr\/en\/produit\/fender-coronado-2\/","title":{"rendered":"Fender Coronado 2 Cherry"},"content":{"rendered":"<p>Les Coronados connaissent un regain d&#8217;int\u00e9r\u00eat depuis quelques ann\u00e9es. Il faut dire que ce sont des instruments int\u00e9ressants, qui n&#8217;ont rien \u00e0 voir avec les autres mod\u00e8les solid-body Fender, \u00e7a ne sert donc \u00e0 rien de les y comparer. Elles ont leur identit\u00e9 propre, leur son. Une paire de micros Dearmond sur une hollowbody, en g\u00e9n\u00e9ral \u00e7a marche tr\u00e8s bien et celle-ci ne fait pas exception. Cet instrument en particulier est en tr\u00e8s bon \u00e9tat g\u00e9n\u00e9ral avec une usure tr\u00e8s mod\u00e9r\u00e9e. La finition cherry n&#8217;est pas la plus courante. La t\u00eate noire et la filetterie en damier apportent aussi un look diff\u00e9rent de ce \u00e0 quoi l&#8217;on est habitu\u00e9. Elle est vendue en \u00e9tui rigide r\u00e9cent.<\/p>\n<p>&nbsp;<\/p>\n","protected":false},"excerpt":{"rendered":"<p>Les Coronados connaissent un regain d&#8217;int\u00e9r\u00eat depuis quelques ann\u00e9es. Il faut dire que ce sont des instruments int\u00e9ressants, qui n&#8217;ont rien \u00e0 voir avec les autres mod\u00e8les solid-body Fender, \u00e7a ne sert donc \u00e0 rien de les y comparer. Elles ont leur identit\u00e9 propre, leur son. Une paire de micros Dearmond sur une hollowbody, en [&hellip;]<\/p>\n","protected":false},"featured_media":4437,"template":"","meta":{"_acf_changed":false},"product_brand":[],"product_cat":[18,8,30],"product_tag":[],"class_list":{"0":"post-4438","1":"product","2":"type-product","3":"status-publish","4":"has-post-thumbnail","6":"product_cat-electric","7":"product_cat-guitars","8":"product_cat-sold","10":"first","11":"instock","12":"shipping-taxable","13":"purchasable","14":"product-type-simple"},"acf":[],"_links":{"self":[{"href":"https:\/\/vintageguitars.fr\/en\/wp-json\/wp\/v2\/product\/4438","targetHints":{"allow":["GET"]}}],"collection":[{"href":"https:\/\/vintageguitars.fr\/en\/wp-json\/wp\/v2\/product"}],"about":[{"href":"https:\/\/vintageguitars.fr\/en\/wp-json\/wp\/v2\/types\/product"}],"wp:featuredmedia":[{"embeddable":true,"href":"https:\/\/vintageguitars.fr\/en\/wp-json\/wp\/v2\/media\/4437"}],"wp:attachment":[{"href":"https:\/\/vintageguitars.fr\/en\/wp-json\/wp\/v2\/media?parent=4438"}],"wp:term":[{"taxonomy":"product_brand","embeddable":true,"href":"https:\/\/vintageguitars.fr\/en\/wp-json\/wp\/v2\/product_brand?post=4438"},{"taxonomy":"product_cat","embeddable":true,"href":"https:\/\/vintageguitars.fr\/en\/wp-json\/wp\/v2\/product_cat?post=4438"},{"taxonomy":"product_tag","embeddable":true,"href":"https:\/\/vintageguitars.fr\/en\/wp-json\/wp\/v2\/product_tag?post=4438"}],"curies":[{"name":"wp","href":"https:\/\/api.w.org\/{rel}","templated":true}]}}