{"id":4274,"date":"2017-11-18T16:03:26","date_gmt":"2017-11-18T15:03:26","guid":{"rendered":"http:\/\/vintageguitars.fr\/en\/produit\/gibson-ga-83s\/"},"modified":"2018-04-19T19:18:56","modified_gmt":"2018-04-19T17:18:56","slug":"gibson-ga-83s","status":"publish","type":"product","link":"https:\/\/vintageguitars.fr\/en\/produit\/gibson-ga-83s\/","title":{"rendered":"Gibson GA-83S"},"content":{"rendered":"<p>Ampli st\u00e9r\u00e9o vibrato avec 5HP, 4&#215;8&#8243; et un 12&#8243;. Rare, produit \u00e0 279 exemplaires seulement de 1959 \u00e0 1961. Il marche tr\u00e8s bien, tr\u00e8s costaud mais pas trop lourd, agressif \u00e0 la mani\u00e8re d&#8217;un Deluxe mais avec un peu plus de rondeur.\u00a0Si vous avez une Gibson contemporaine \u00e0 cette ampli je ne saurai que vous le conseiller.\u00a0Et si en plus c&#8217;est une es-345 st\u00e9r\u00e9o alors l\u00e0 c&#8217;est m\u00eame incontournable.<\/p>\n","protected":false},"excerpt":{"rendered":"<p>Ampli st\u00e9r\u00e9o vibrato avec 5HP, 4&#215;8&#8243; et un 12&#8243;. Rare, produit \u00e0 279 exemplaires seulement de 1959 \u00e0 1961. Il marche tr\u00e8s bien, tr\u00e8s costaud mais pas trop lourd, agressif \u00e0 la mani\u00e8re d&#8217;un Deluxe mais avec un peu plus de rondeur.\u00a0Si vous avez une Gibson contemporaine \u00e0 cette ampli je ne saurai que vous [&hellip;]<\/p>\n","protected":false},"featured_media":4235,"template":"","meta":{"_acf_changed":false},"product_brand":[],"product_cat":[22,30],"product_tag":[],"class_list":{"0":"post-4274","1":"product","2":"type-product","3":"status-publish","4":"has-post-thumbnail","6":"product_cat-amps","7":"product_cat-sold","9":"first","10":"instock","11":"shipping-taxable","12":"purchasable","13":"product-type-simple"},"acf":[],"_links":{"self":[{"href":"https:\/\/vintageguitars.fr\/en\/wp-json\/wp\/v2\/product\/4274","targetHints":{"allow":["GET"]}}],"collection":[{"href":"https:\/\/vintageguitars.fr\/en\/wp-json\/wp\/v2\/product"}],"about":[{"href":"https:\/\/vintageguitars.fr\/en\/wp-json\/wp\/v2\/types\/product"}],"wp:featuredmedia":[{"embeddable":true,"href":"https:\/\/vintageguitars.fr\/en\/wp-json\/wp\/v2\/media\/4235"}],"wp:attachment":[{"href":"https:\/\/vintageguitars.fr\/en\/wp-json\/wp\/v2\/media?parent=4274"}],"wp:term":[{"taxonomy":"product_brand","embeddable":true,"href":"https:\/\/vintageguitars.fr\/en\/wp-json\/wp\/v2\/product_brand?post=4274"},{"taxonomy":"product_cat","embeddable":true,"href":"https:\/\/vintageguitars.fr\/en\/wp-json\/wp\/v2\/product_cat?post=4274"},{"taxonomy":"product_tag","embeddable":true,"href":"https:\/\/vintageguitars.fr\/en\/wp-json\/wp\/v2\/product_tag?post=4274"}],"curies":[{"name":"wp","href":"https:\/\/api.w.org\/{rel}","templated":true}]}}