{"id":3778,"date":"2017-09-29T16:15:17","date_gmt":"2017-09-29T14:15:17","guid":{"rendered":"http:\/\/vintageguitars.fr\/en\/produit\/epiphone-al-caiola-custom\/"},"modified":"2017-12-21T16:38:06","modified_gmt":"2017-12-21T15:38:06","slug":"epiphone-al-caiola-custom","status":"publish","type":"product","link":"https:\/\/vintageguitars.fr\/en\/produit\/epiphone-al-caiola-custom\/","title":{"rendered":"Epiphone Al Caiola Custom"},"content":{"rendered":"<p>R\u00e9serv\u00e9e.<\/p>\n<p>J&#8217;adore cet instrument, cela faisait un moment que j&#8217;en cherchais une. La derni\u00e8re et la seule que j&#8217;ai vue de mes yeux, remontant \u00e0 4 ans me semble-t-il. C&#8217;est un mod\u00e8le peu connu et qui m\u00e9rite que l&#8217;on si attarde.\u00a0L&#8217;int\u00e9r\u00eat de cette guitare r\u00e9side essentiellement en 2 points \u00e0 mon sens: d&#8217;abord le manche fait 42,8mm ou 1 11\/16 inch, c&#8217;est la largeur la plus recherch\u00e9e pour toutes les guitares type ES ( 335-345-355) et qui correspond aux mod\u00e8les d&#8217;avant 1965. En g\u00e9n\u00e9ral il faut compter au moins 10 000 euros, au bas mot, pour une ES avec un manche de cette largeur. C&#8217;est donc \u00e0 mon sens une bonne alternative si vous lorgnez du c\u00f4t\u00e9 des 335-345-355 early 60s mais que \u00e7a coince niveau budget.\u00a0L&#8217;autre point int\u00e9ressant dans ce concept c&#8217;est la palette sonore: sans ou\u00efe, elle est tr\u00e8s peu sujette au feedback et est \u00e9quip\u00e9e d&#8217;un syst\u00e8me appel\u00e9 Tone expressor qui offre un nombre tr\u00e8s important de combinaisons. A la diff\u00e9rence d&#8217;un bouton rotatif d&#8217;une 345 on peut ici combiner et superposer les filtres. Et il y en a quelques-uns qui sont vraiment g\u00e9niaux.<\/p>\n<p>Cette guitare est sortie des ateliers de Kalamazoo dans le Michigan comme toutes les autres Gibson et Epiphone de cette ann\u00e9e l\u00e0.<\/p>\n<p>Elle est \u00e9quip\u00e9e d&#8217;un Bigsby et de 2 mini-humbuckers, fabriqu\u00e9s par Gibson bien \u00e9videmment.<\/p>\n<p>Elle est livr\u00e9e en \u00e9tui original.<\/p>\n","protected":false},"excerpt":{"rendered":"<p>R\u00e9serv\u00e9e. J&#8217;adore cet instrument, cela faisait un moment que j&#8217;en cherchais une. La derni\u00e8re et la seule que j&#8217;ai vue de mes yeux, remontant \u00e0 4 ans me semble-t-il. C&#8217;est un mod\u00e8le peu connu et qui m\u00e9rite que l&#8217;on si attarde.\u00a0L&#8217;int\u00e9r\u00eat de cette guitare r\u00e9side essentiellement en 2 points \u00e0 mon sens: d&#8217;abord le manche [&hellip;]<\/p>\n","protected":false},"featured_media":3748,"template":"","meta":{"_acf_changed":false},"product_brand":[],"product_cat":[18,8,30],"product_tag":[],"class_list":{"0":"post-3778","1":"product","2":"type-product","3":"status-publish","4":"has-post-thumbnail","6":"product_cat-electric","7":"product_cat-guitars","8":"product_cat-sold","10":"first","11":"instock","12":"shipping-taxable","13":"product-type-simple"},"acf":[],"_links":{"self":[{"href":"https:\/\/vintageguitars.fr\/en\/wp-json\/wp\/v2\/product\/3778","targetHints":{"allow":["GET"]}}],"collection":[{"href":"https:\/\/vintageguitars.fr\/en\/wp-json\/wp\/v2\/product"}],"about":[{"href":"https:\/\/vintageguitars.fr\/en\/wp-json\/wp\/v2\/types\/product"}],"wp:featuredmedia":[{"embeddable":true,"href":"https:\/\/vintageguitars.fr\/en\/wp-json\/wp\/v2\/media\/3748"}],"wp:attachment":[{"href":"https:\/\/vintageguitars.fr\/en\/wp-json\/wp\/v2\/media?parent=3778"}],"wp:term":[{"taxonomy":"product_brand","embeddable":true,"href":"https:\/\/vintageguitars.fr\/en\/wp-json\/wp\/v2\/product_brand?post=3778"},{"taxonomy":"product_cat","embeddable":true,"href":"https:\/\/vintageguitars.fr\/en\/wp-json\/wp\/v2\/product_cat?post=3778"},{"taxonomy":"product_tag","embeddable":true,"href":"https:\/\/vintageguitars.fr\/en\/wp-json\/wp\/v2\/product_tag?post=3778"}],"curies":[{"name":"wp","href":"https:\/\/api.w.org\/{rel}","templated":true}]}}