{"id":3744,"date":"2017-09-29T15:51:12","date_gmt":"2017-09-29T13:51:12","guid":{"rendered":"http:\/\/vintageguitars.fr\/en\/produit\/levin-350-red\/"},"modified":"2017-10-30T10:16:23","modified_gmt":"2017-10-30T09:16:23","slug":"levin-350-red","status":"publish","type":"product","link":"https:\/\/vintageguitars.fr\/en\/produit\/levin-350-red\/","title":{"rendered":"Levin 350"},"content":{"rendered":"<p>Encore une fois voici un mod\u00e8le peu courant. Fabriqu\u00e9es \u00e0 Goteborg au milieu des ann\u00e9es 60, les Levin 350 sont de fantastiques guitares, grandement m\u00e9connues. La grande majorit\u00e9 de ces mod\u00e8les \u00e9tait noire, et l&#8217;on trouve rarement des versions rouges comme celle-ci.<\/p>\n<p>Cet instrument est particuli\u00e8rement l\u00e9ger, puisqu&#8217;il ne fait que 2,8 kilos. Il est \u00e9quip\u00e9 de 2 micros Dearmond Dynasonic originaux qui n&#8217;ont plus \u00e0 faire leur preuve. Ces micros ont fait les beaux jours de la marque Gretsch et cet instrument me fait d&#8217;ailleurs beaucoup penser \u00e0 une Duojet qui aurait une caisse de r\u00e9sonance.<\/p>\n<p>La plupart de ces mod\u00e8les sont \u00e9quip\u00e9es de vibratos Hagtrs\u00f6m \u00a0(<em>cf Christian S\u00e9guret, Guitare Vintage num\u00e9ro 26, p.39<\/em>\u00a0et le tr\u00e8s bon dossier consacr\u00e9 \u00e0 la marque Levin). Le vibrato ici pr\u00e9sent semble de facture japonaise 60s et est original \u00e0 la guitare, un cordier hagstrom aurait de toutes fa\u00e7ons laiss\u00e9 6 beaux trous de vis sur la table&#8230;.Peut \u00eatre Levin se rendit-il compte de l&#8217;inefficacit\u00e9 des vibratos Hagstr\u00f6m et se d\u00e9cida \u00e0 essayer un autre fournisseur pour de meilleurs r\u00e9sultats.<\/p>\n<p>Quoiqu&#8217;il est soit l&#8217;instrument r\u00e9sonne tr\u00e8s bien, avec un grain vraiment accrocheur, tr\u00e8s rock. Il est parfaitement jouable. Il est livr\u00e9 dans son \u00e9tui original qui est lui aussi en tr\u00e8s bon \u00e9tat.<\/p>\n<p>Si cet instrument vous int\u00e9resse je vous invite \u00e0 vous manifester sans tarder car en retrouver un s&#8217;av\u00e8rera difficile. Sans m\u00eame parler d&#8217;en retrouver un dans cet \u00e9tat&#8230;<\/p>\n","protected":false},"excerpt":{"rendered":"<p>Encore une fois voici un mod\u00e8le peu courant. Fabriqu\u00e9es \u00e0 Goteborg au milieu des ann\u00e9es 60, les Levin 350 sont de fantastiques guitares, grandement m\u00e9connues. La grande majorit\u00e9 de ces mod\u00e8les \u00e9tait noire, et l&#8217;on trouve rarement des versions rouges comme celle-ci. Cet instrument est particuli\u00e8rement l\u00e9ger, puisqu&#8217;il ne fait que 2,8 kilos. Il est [&hellip;]<\/p>\n","protected":false},"featured_media":3717,"template":"","meta":{"_acf_changed":false},"product_brand":[],"product_cat":[18,8,30],"product_tag":[],"class_list":{"0":"post-3744","1":"product","2":"type-product","3":"status-publish","4":"has-post-thumbnail","6":"product_cat-electric","7":"product_cat-guitars","8":"product_cat-sold","10":"first","11":"instock","12":"shipping-taxable","13":"purchasable","14":"product-type-simple"},"acf":[],"_links":{"self":[{"href":"https:\/\/vintageguitars.fr\/en\/wp-json\/wp\/v2\/product\/3744","targetHints":{"allow":["GET"]}}],"collection":[{"href":"https:\/\/vintageguitars.fr\/en\/wp-json\/wp\/v2\/product"}],"about":[{"href":"https:\/\/vintageguitars.fr\/en\/wp-json\/wp\/v2\/types\/product"}],"wp:featuredmedia":[{"embeddable":true,"href":"https:\/\/vintageguitars.fr\/en\/wp-json\/wp\/v2\/media\/3717"}],"wp:attachment":[{"href":"https:\/\/vintageguitars.fr\/en\/wp-json\/wp\/v2\/media?parent=3744"}],"wp:term":[{"taxonomy":"product_brand","embeddable":true,"href":"https:\/\/vintageguitars.fr\/en\/wp-json\/wp\/v2\/product_brand?post=3744"},{"taxonomy":"product_cat","embeddable":true,"href":"https:\/\/vintageguitars.fr\/en\/wp-json\/wp\/v2\/product_cat?post=3744"},{"taxonomy":"product_tag","embeddable":true,"href":"https:\/\/vintageguitars.fr\/en\/wp-json\/wp\/v2\/product_tag?post=3744"}],"curies":[{"name":"wp","href":"https:\/\/api.w.org\/{rel}","templated":true}]}}