{"id":3644,"date":"2017-09-29T15:11:11","date_gmt":"2017-09-29T13:11:11","guid":{"rendered":"http:\/\/vintageguitars.fr\/en\/produit\/epiphone-sorrento\/"},"modified":"2018-03-19T15:39:42","modified_gmt":"2018-03-19T14:39:42","slug":"epiphone-sorrento","status":"publish","type":"product","link":"https:\/\/vintageguitars.fr\/en\/produit\/epiphone-sorrento\/","title":{"rendered":"Epiphone Sorrento"},"content":{"rendered":"<p>Mod\u00e8le l\u00e9ger et tr\u00e8s maniable \u00e9quip\u00e9 de 2 mini humbuckers Gibson.\u00a0L&#8217;\u00e9tat de l&#8217;instrument est excellent, aucune r\u00e9paration \u00e0 d\u00e9plorer.\u00a0Quelques marques de ceinture au dos de la guitare mais rien de bien m\u00e9chant.\u00a0Tr\u00e8s confortable, il se d\u00e9gage \u00e0 la fois de l&#8217;instrument une sensation de l\u00e9g\u00e8ret\u00e9 et de puissance.\u00a0C&#8217;est un mod\u00e8le que choisit notamment Lenny Kravitz en live, allez donc voir sa version de &#8220;Let love rule&#8221;, \u00e7a vaut le coup.<\/p>\n<p>En \u00e9tui rigide moderne.<\/p>\n","protected":false},"excerpt":{"rendered":"<p>Mod\u00e8le l\u00e9ger et tr\u00e8s maniable \u00e9quip\u00e9 de 2 mini humbuckers Gibson.\u00a0L&#8217;\u00e9tat de l&#8217;instrument est excellent, aucune r\u00e9paration \u00e0 d\u00e9plorer.\u00a0Quelques marques de ceinture au dos de la guitare mais rien de bien m\u00e9chant.\u00a0Tr\u00e8s confortable, il se d\u00e9gage \u00e0 la fois de l&#8217;instrument une sensation de l\u00e9g\u00e8ret\u00e9 et de puissance.\u00a0C&#8217;est un mod\u00e8le que choisit notamment Lenny Kravitz [&hellip;]<\/p>\n","protected":false},"featured_media":3607,"template":"","meta":{"_acf_changed":false},"product_brand":[],"product_cat":[18,8,30],"product_tag":[],"class_list":{"0":"post-3644","1":"product","2":"type-product","3":"status-publish","4":"has-post-thumbnail","6":"product_cat-electric","7":"product_cat-guitars","8":"product_cat-sold","10":"first","11":"instock","12":"shipping-taxable","13":"purchasable","14":"product-type-simple"},"acf":[],"_links":{"self":[{"href":"https:\/\/vintageguitars.fr\/en\/wp-json\/wp\/v2\/product\/3644","targetHints":{"allow":["GET"]}}],"collection":[{"href":"https:\/\/vintageguitars.fr\/en\/wp-json\/wp\/v2\/product"}],"about":[{"href":"https:\/\/vintageguitars.fr\/en\/wp-json\/wp\/v2\/types\/product"}],"wp:featuredmedia":[{"embeddable":true,"href":"https:\/\/vintageguitars.fr\/en\/wp-json\/wp\/v2\/media\/3607"}],"wp:attachment":[{"href":"https:\/\/vintageguitars.fr\/en\/wp-json\/wp\/v2\/media?parent=3644"}],"wp:term":[{"taxonomy":"product_brand","embeddable":true,"href":"https:\/\/vintageguitars.fr\/en\/wp-json\/wp\/v2\/product_brand?post=3644"},{"taxonomy":"product_cat","embeddable":true,"href":"https:\/\/vintageguitars.fr\/en\/wp-json\/wp\/v2\/product_cat?post=3644"},{"taxonomy":"product_tag","embeddable":true,"href":"https:\/\/vintageguitars.fr\/en\/wp-json\/wp\/v2\/product_tag?post=3644"}],"curies":[{"name":"wp","href":"https:\/\/api.w.org\/{rel}","templated":true}]}}