{"id":35941,"date":"2026-03-31T16:50:55","date_gmt":"2026-03-31T14:50:55","guid":{"rendered":"https:\/\/vintageguitars.fr\/?post_type=product&#038;p=35941"},"modified":"2026-04-20T11:52:48","modified_gmt":"2026-04-20T09:52:48","slug":"kramer-450b","status":"publish","type":"product","link":"https:\/\/vintageguitars.fr\/en\/produit\/kramer-450b\/","title":{"rendered":"Kramer 450B"},"content":{"rendered":"<p>Voici une autre basse qui fait ici une premi\u00e8re apparition, la 450B de Kramer, basse\u00a0 fabriqu\u00e9e aux \u00c9tats-Unis \u00e0 la fin des ann\u00e9es 1970. Ce mod\u00e8le reprend la construction inspir\u00e9e de Travis Bean avec un manche en aluminium et inserts en bois, offrant un sustain exceptionnel, une grande stabilit\u00e9 et une attaque tr\u00e8s directe. C&#8217;est une construction que l&#8217;on retrouve \u00e9galement sur les guitares\u00a0 Kramer de la m\u00eame \u00e9poque. Elle est \u00e9quip\u00e9e de son \u00e9lectronique d\u2019origine et d\u00e9livre un son clair, puissant et pr\u00e9cis, parfaitement adapt\u00e9 au rock. Le manche est plat et large, tr\u00e8s confortable. L\u2019instrument est en tr\u00e8s bon \u00e9tat pour son \u00e2ge, avec quelques l\u00e9g\u00e8res traces d\u2019utilisation, et fonctionne parfaitement.<\/p>\n<p>Elle est fournie avec un \u00e9tui rigide d&#8217;\u00e9poque non original.<\/p>\n<p>1690 euros<\/p>\n","protected":false},"excerpt":{"rendered":"<p>Voici une autre basse qui fait ici une premi\u00e8re apparition, la 450B de Kramer, basse\u00a0 fabriqu\u00e9e aux \u00c9tats-Unis \u00e0 la fin des ann\u00e9es 1970. Ce mod\u00e8le reprend la construction inspir\u00e9e de Travis Bean avec un manche en aluminium et inserts en bois, offrant un sustain exceptionnel, une grande stabilit\u00e9 et une attaque tr\u00e8s directe. C&#8217;est [&hellip;]<\/p>\n","protected":false},"featured_media":35922,"template":"","meta":{"_acf_changed":false},"product_brand":[],"product_cat":[16,8],"product_tag":[],"class_list":{"0":"post-35941","1":"product","2":"type-product","3":"status-publish","4":"has-post-thumbnail","6":"product_cat-bass","7":"product_cat-guitars","9":"first","10":"instock","11":"shipping-taxable","12":"product-type-simple"},"acf":[],"_links":{"self":[{"href":"https:\/\/vintageguitars.fr\/en\/wp-json\/wp\/v2\/product\/35941","targetHints":{"allow":["GET"]}}],"collection":[{"href":"https:\/\/vintageguitars.fr\/en\/wp-json\/wp\/v2\/product"}],"about":[{"href":"https:\/\/vintageguitars.fr\/en\/wp-json\/wp\/v2\/types\/product"}],"wp:featuredmedia":[{"embeddable":true,"href":"https:\/\/vintageguitars.fr\/en\/wp-json\/wp\/v2\/media\/35922"}],"wp:attachment":[{"href":"https:\/\/vintageguitars.fr\/en\/wp-json\/wp\/v2\/media?parent=35941"}],"wp:term":[{"taxonomy":"product_brand","embeddable":true,"href":"https:\/\/vintageguitars.fr\/en\/wp-json\/wp\/v2\/product_brand?post=35941"},{"taxonomy":"product_cat","embeddable":true,"href":"https:\/\/vintageguitars.fr\/en\/wp-json\/wp\/v2\/product_cat?post=35941"},{"taxonomy":"product_tag","embeddable":true,"href":"https:\/\/vintageguitars.fr\/en\/wp-json\/wp\/v2\/product_tag?post=35941"}],"curies":[{"name":"wp","href":"https:\/\/api.w.org\/{rel}","templated":true}]}}