{"id":3313,"date":"2017-06-26T13:08:16","date_gmt":"2017-06-26T11:08:16","guid":{"rendered":"http:\/\/vintageguitars.fr\/en\/produit\/fender-stratocaster-4\/"},"modified":"2017-11-09T13:16:57","modified_gmt":"2017-11-09T12:16:57","slug":"fender-stratocaster-4","status":"publish","type":"product","link":"https:\/\/vintageguitars.fr\/en\/produit\/fender-stratocaster-4\/","title":{"rendered":"Fender Stratocaster"},"content":{"rendered":"<p>Voici une Strat pr\u00e9 s\u00e9rie L en tr\u00e8s bon \u00e9tat.<\/p>\n<p>Toutes les pi\u00e8ces sont d&#8217;origine \u00e0 l&#8217;exception du bras de vibrato.<\/p>\n<p>La peinture originale est un peu us\u00e9e ce qui lui donne un look assez sympa.<\/p>\n<p>Elle est vraiment agr\u00e9able \u00e0 jouer, le dos du manche n&#8217;a plus beaucoup de son vernis d&#8217;origine car elle a \u00e9t\u00e9 beaucoup jou\u00e9e mais les frettes d&#8217;origine sont encore d&#8217;un bon niveau.<\/p>\n<p>Elle sonne bien, aucune surprise de ce c\u00f4t\u00e9 l\u00e0, on est sur une des meilleures ann\u00e9es de la Strat.<\/p>\n<p>En \u00e9tui Jazzmaster d&#8217;\u00e9poque.<\/p>\n<p>&nbsp;<\/p>\n","protected":false},"excerpt":{"rendered":"<p>Voici une Strat pr\u00e9 s\u00e9rie L en tr\u00e8s bon \u00e9tat. Toutes les pi\u00e8ces sont d&#8217;origine \u00e0 l&#8217;exception du bras de vibrato. La peinture originale est un peu us\u00e9e ce qui lui donne un look assez sympa. Elle est vraiment agr\u00e9able \u00e0 jouer, le dos du manche n&#8217;a plus beaucoup de son vernis d&#8217;origine car elle [&hellip;]<\/p>\n","protected":false},"featured_media":3308,"template":"","meta":{"_acf_changed":false},"product_brand":[],"product_cat":[18,8,30],"product_tag":[],"class_list":{"0":"post-3313","1":"product","2":"type-product","3":"status-publish","4":"has-post-thumbnail","6":"product_cat-electric","7":"product_cat-guitars","8":"product_cat-sold","10":"first","11":"instock","12":"shipping-taxable","13":"purchasable","14":"product-type-simple"},"acf":[],"_links":{"self":[{"href":"https:\/\/vintageguitars.fr\/en\/wp-json\/wp\/v2\/product\/3313","targetHints":{"allow":["GET"]}}],"collection":[{"href":"https:\/\/vintageguitars.fr\/en\/wp-json\/wp\/v2\/product"}],"about":[{"href":"https:\/\/vintageguitars.fr\/en\/wp-json\/wp\/v2\/types\/product"}],"wp:featuredmedia":[{"embeddable":true,"href":"https:\/\/vintageguitars.fr\/en\/wp-json\/wp\/v2\/media\/3308"}],"wp:attachment":[{"href":"https:\/\/vintageguitars.fr\/en\/wp-json\/wp\/v2\/media?parent=3313"}],"wp:term":[{"taxonomy":"product_brand","embeddable":true,"href":"https:\/\/vintageguitars.fr\/en\/wp-json\/wp\/v2\/product_brand?post=3313"},{"taxonomy":"product_cat","embeddable":true,"href":"https:\/\/vintageguitars.fr\/en\/wp-json\/wp\/v2\/product_cat?post=3313"},{"taxonomy":"product_tag","embeddable":true,"href":"https:\/\/vintageguitars.fr\/en\/wp-json\/wp\/v2\/product_tag?post=3313"}],"curies":[{"name":"wp","href":"https:\/\/api.w.org\/{rel}","templated":true}]}}