{"id":3198,"date":"2017-06-13T18:04:10","date_gmt":"2017-06-13T16:04:10","guid":{"rendered":"http:\/\/vintageguitars.fr\/en\/produit\/guild-artist-award\/"},"modified":"2017-06-13T21:55:35","modified_gmt":"2017-06-13T19:55:35","slug":"guild-artist-award","status":"publish","type":"product","link":"https:\/\/vintageguitars.fr\/en\/produit\/guild-artist-award\/","title":{"rendered":"Guild Artist Award"},"content":{"rendered":"<p>Ouch!<\/p>\n<p>Le top de la Jazzbox.<\/p>\n<p>Une pure merveille. Aussi bien acoustique qu&#8217;\u00e9lectrique puisqu&#8217;elle est avant tout con\u00e7ue pour vibrer telle une acoustique. Aucune d\u00e9fonce pour la pose du micro, les contr\u00f4les sont sur le pickguard et le jack sort au niveau du cordier. Elle est \u00e9quip\u00e9e d&#8217;un micro Dearmond pos\u00e9 en bout de touche.<\/p>\n<p>Un tr\u00e8s bel instrument r\u00e9alis\u00e9 par les luthiers les plus chevronn\u00e9s de Guild: \u00e7a se voit et \u00e7a s&#8217;entend. Je n&#8217;ai pas souvent eu dans les mains d&#8217; archtops aussi performantes en acoustique pur, alors imaginez une fois branch\u00e9e. C&#8217;est un r\u00e9gal.<\/p>\n<p>Le confort de jeu est \u00e9videmment \u00e0 la hauteur du reste. On est dans le domaine de l&#8217;excellence.<\/p>\n<p>En \u00e9tui rigide original.<\/p>\n","protected":false},"excerpt":{"rendered":"<p>Ouch! Le top de la Jazzbox. Une pure merveille. Aussi bien acoustique qu&#8217;\u00e9lectrique puisqu&#8217;elle est avant tout con\u00e7ue pour vibrer telle une acoustique. Aucune d\u00e9fonce pour la pose du micro, les contr\u00f4les sont sur le pickguard et le jack sort au niveau du cordier. Elle est \u00e9quip\u00e9e d&#8217;un micro Dearmond pos\u00e9 en bout de touche. [&hellip;]<\/p>\n","protected":false},"featured_media":3163,"template":"","meta":{"_acf_changed":false},"product_brand":[],"product_cat":[18,8,30],"product_tag":[],"class_list":{"0":"post-3198","1":"product","2":"type-product","3":"status-publish","4":"has-post-thumbnail","6":"product_cat-electric","7":"product_cat-guitars","8":"product_cat-sold","10":"first","11":"instock","12":"shipping-taxable","13":"purchasable","14":"product-type-simple"},"acf":[],"_links":{"self":[{"href":"https:\/\/vintageguitars.fr\/en\/wp-json\/wp\/v2\/product\/3198","targetHints":{"allow":["GET"]}}],"collection":[{"href":"https:\/\/vintageguitars.fr\/en\/wp-json\/wp\/v2\/product"}],"about":[{"href":"https:\/\/vintageguitars.fr\/en\/wp-json\/wp\/v2\/types\/product"}],"wp:featuredmedia":[{"embeddable":true,"href":"https:\/\/vintageguitars.fr\/en\/wp-json\/wp\/v2\/media\/3163"}],"wp:attachment":[{"href":"https:\/\/vintageguitars.fr\/en\/wp-json\/wp\/v2\/media?parent=3198"}],"wp:term":[{"taxonomy":"product_brand","embeddable":true,"href":"https:\/\/vintageguitars.fr\/en\/wp-json\/wp\/v2\/product_brand?post=3198"},{"taxonomy":"product_cat","embeddable":true,"href":"https:\/\/vintageguitars.fr\/en\/wp-json\/wp\/v2\/product_cat?post=3198"},{"taxonomy":"product_tag","embeddable":true,"href":"https:\/\/vintageguitars.fr\/en\/wp-json\/wp\/v2\/product_tag?post=3198"}],"curies":[{"name":"wp","href":"https:\/\/api.w.org\/{rel}","templated":true}]}}