{"id":3159,"date":"2017-06-13T17:46:23","date_gmt":"2017-06-13T15:46:23","guid":{"rendered":"http:\/\/vintageguitars.fr\/en\/produit\/fender-musicmaster\/"},"modified":"2017-09-23T23:32:44","modified_gmt":"2017-09-23T21:32:44","slug":"fender-musicmaster","status":"publish","type":"product","link":"https:\/\/vintageguitars.fr\/en\/produit\/fender-musicmaster\/","title":{"rendered":"Fender Musicmaster"},"content":{"rendered":"<p>100% originale avec sangle et \u00e9tui.<\/p>\n<p>Un peu d&#8217;usure du vernis, sur la touche en particulier \u00e9videmment, \u00a0mais rien de m\u00e9chant.<\/p>\n<p>Tr\u00e8s facile \u00e0 jouer.<\/p>\n<p>Sonne tr\u00e8s bien avec une vibe tr\u00e8s 50s.<\/p>\n<p>Un des derniers mod\u00e8les du catalogue Fender des ann\u00e9es 50 encore abordable de nos jours.<\/p>\n<p>&nbsp;<\/p>\n","protected":false},"excerpt":{"rendered":"<p>100% originale avec sangle et \u00e9tui. Un peu d&#8217;usure du vernis, sur la touche en particulier \u00e9videmment, \u00a0mais rien de m\u00e9chant. Tr\u00e8s facile \u00e0 jouer. Sonne tr\u00e8s bien avec une vibe tr\u00e8s 50s. Un des derniers mod\u00e8les du catalogue Fender des ann\u00e9es 50 encore abordable de nos jours. &nbsp;<\/p>\n","protected":false},"featured_media":3126,"template":"","meta":{"_acf_changed":false},"product_brand":[],"product_cat":[18,8,30],"product_tag":[],"class_list":{"0":"post-3159","1":"product","2":"type-product","3":"status-publish","4":"has-post-thumbnail","6":"product_cat-electric","7":"product_cat-guitars","8":"product_cat-sold","10":"first","11":"instock","12":"shipping-taxable","13":"purchasable","14":"product-type-simple"},"acf":[],"_links":{"self":[{"href":"https:\/\/vintageguitars.fr\/en\/wp-json\/wp\/v2\/product\/3159","targetHints":{"allow":["GET"]}}],"collection":[{"href":"https:\/\/vintageguitars.fr\/en\/wp-json\/wp\/v2\/product"}],"about":[{"href":"https:\/\/vintageguitars.fr\/en\/wp-json\/wp\/v2\/types\/product"}],"wp:featuredmedia":[{"embeddable":true,"href":"https:\/\/vintageguitars.fr\/en\/wp-json\/wp\/v2\/media\/3126"}],"wp:attachment":[{"href":"https:\/\/vintageguitars.fr\/en\/wp-json\/wp\/v2\/media?parent=3159"}],"wp:term":[{"taxonomy":"product_brand","embeddable":true,"href":"https:\/\/vintageguitars.fr\/en\/wp-json\/wp\/v2\/product_brand?post=3159"},{"taxonomy":"product_cat","embeddable":true,"href":"https:\/\/vintageguitars.fr\/en\/wp-json\/wp\/v2\/product_cat?post=3159"},{"taxonomy":"product_tag","embeddable":true,"href":"https:\/\/vintageguitars.fr\/en\/wp-json\/wp\/v2\/product_tag?post=3159"}],"curies":[{"name":"wp","href":"https:\/\/api.w.org\/{rel}","templated":true}]}}