{"id":31363,"date":"2025-03-21T16:35:19","date_gmt":"2025-07-21T14:35:19","guid":{"rendered":"https:\/\/vintageguitars.fr\/en\/product\/fender-stratocaster-14\/"},"modified":"2025-07-21T16:36:18","modified_gmt":"2025-07-21T14:36:18","slug":"fender-stratocaster-14","status":"publish","type":"product","link":"https:\/\/vintageguitars.fr\/en\/produit\/fender-stratocaster-14\/","title":{"rendered":"Fender Stratocaster"},"content":{"rendered":"<p id=\"tw-target-text\" class=\"tw-data-text tw-text-large tw-ta\" dir=\"ltr\" data-placeholder=\"Traduction\" data-ved=\"2ahUKEwjRyb2pjM6OAxXrTaQEHVgZJr0Q3ewLegQICRAU\" aria-label=\"Texte traduit\u00a0: Cette Strat est un bon exemple de ce que devrait \u00eatre un guitariste. Un bon instrument, en bon \u00e9tat et \u00e0 un prix correct. Il s'agit d'un mod\u00e8le naturel de 1974 dont les micros ont \u00e9t\u00e9 remplac\u00e9s par des micros custom shop Abigail Ybarra qui, il faut le dire, sonnent vraiment bien. Elle p\u00e8se 4 kg, ce qui est normal pour un mod\u00e8le des ann\u00e9es 70. Aucune casse ni r\u00e9paration. Le manche porte un code datant de 1973, ce qui est tout \u00e0 fait normal pour un instrument de 1974. Les frettes ont encore une belle dur\u00e9e de vie, elle est pr\u00eate \u00e0 jouer. Dans un \u00e9tui europ\u00e9en d'\u00e9poque, en \u00e9tat d'usage.\"><span class=\"Y2IQFc\" lang=\"fr\">Cette Strat est un bon exemple de ce que devrait \u00eatre une bonne player. Un bon instrument, en bon \u00e9tat et \u00e0 un prix correct. Il s&#8217;agit d&#8217;un mod\u00e8le naturel de 1974 dont les micros ont \u00e9t\u00e9 remplac\u00e9s par des micros custom shop Abigail Ybarra qui, il faut le dire, sonnent vraiment bien. Elle p\u00e8se 4 kg, ce qui est normal pour un mod\u00e8le des ann\u00e9es 70. Aucune casse ni r\u00e9paration. Le manche porte un code datant de 1973, ce qui est tout \u00e0 fait normal pour un instrument de 1974. Les frettes ont encore une belle dur\u00e9e de vie, elle est pr\u00eate \u00e0 jouer. Dans un \u00e9tui europ\u00e9en d&#8217;\u00e9poque, en \u00e9tat d&#8217;usage.<\/span><\/p>\n","protected":false},"excerpt":{"rendered":"<p>Cette Strat est un bon exemple de ce que devrait \u00eatre une bonne player. Un bon instrument, en bon \u00e9tat et \u00e0 un prix correct. Il s&#8217;agit d&#8217;un mod\u00e8le naturel de 1974 dont les micros ont \u00e9t\u00e9 remplac\u00e9s par des micros custom shop Abigail Ybarra qui, il faut le dire, sonnent vraiment bien. Elle p\u00e8se [&hellip;]<\/p>\n","protected":false},"featured_media":28577,"template":"","meta":{"_acf_changed":false},"product_brand":[],"product_cat":[18,8],"product_tag":[],"class_list":{"0":"post-31363","1":"product","2":"type-product","3":"status-publish","4":"has-post-thumbnail","6":"product_cat-electric","7":"product_cat-guitars","9":"first","10":"instock","11":"shipping-taxable","12":"purchasable","13":"product-type-simple"},"acf":[],"_links":{"self":[{"href":"https:\/\/vintageguitars.fr\/en\/wp-json\/wp\/v2\/product\/31363","targetHints":{"allow":["GET"]}}],"collection":[{"href":"https:\/\/vintageguitars.fr\/en\/wp-json\/wp\/v2\/product"}],"about":[{"href":"https:\/\/vintageguitars.fr\/en\/wp-json\/wp\/v2\/types\/product"}],"wp:featuredmedia":[{"embeddable":true,"href":"https:\/\/vintageguitars.fr\/en\/wp-json\/wp\/v2\/media\/28577"}],"wp:attachment":[{"href":"https:\/\/vintageguitars.fr\/en\/wp-json\/wp\/v2\/media?parent=31363"}],"wp:term":[{"taxonomy":"product_brand","embeddable":true,"href":"https:\/\/vintageguitars.fr\/en\/wp-json\/wp\/v2\/product_brand?post=31363"},{"taxonomy":"product_cat","embeddable":true,"href":"https:\/\/vintageguitars.fr\/en\/wp-json\/wp\/v2\/product_cat?post=31363"},{"taxonomy":"product_tag","embeddable":true,"href":"https:\/\/vintageguitars.fr\/en\/wp-json\/wp\/v2\/product_tag?post=31363"}],"curies":[{"name":"wp","href":"https:\/\/api.w.org\/{rel}","templated":true}]}}