{"id":2769,"date":"2017-04-15T18:23:31","date_gmt":"2017-04-15T16:23:31","guid":{"rendered":"http:\/\/vintageguitars.fr\/en\/produit\/martin-000-28c-2\/"},"modified":"2017-12-21T16:39:42","modified_gmt":"2017-12-21T15:39:42","slug":"martin-000-28c-2","status":"publish","type":"product","link":"https:\/\/vintageguitars.fr\/en\/produit\/martin-000-28c-2\/","title":{"rendered":"Martin 000-28C"},"content":{"rendered":"<p>Tr\u00e8s bel instrument en \u00e9tat remarquable. Aucune r\u00e9paration, aucune fente. La jouabilit\u00e9 est excellente. Le manche large de 50mm au sillet est bien droit et tr\u00e8s agr\u00e9able. C&#8217;est un beau morceau d&#8217;acajou du Honduras. La touche, elle, est en \u00e9b\u00e8ne.\u00a0Le son est tr\u00e8s suave et tr\u00e8s chaud. Id\u00e9al pour la bossa ou s&#8217;accompagner \u00e0 la voix, style Leonard Cohen par exemple. Ce n&#8217;est pas une guitare flamenca, on est bien dans la tradition am\u00e9ricaine, pas ib\u00e9rique. Elle est dot\u00e9e d&#8217;une belle projection et d&#8217;un tr\u00e8s joli timbre. Le dos et les \u00e9clisses sont r\u00e9alis\u00e9s avec un beau palissandre de Rio, et la table est en \u00e9pic\u00e9a Sitka.<\/p>\n<p>En \u00e9tui rigide original.<\/p>\n","protected":false},"excerpt":{"rendered":"<p>Tr\u00e8s bel instrument en \u00e9tat remarquable. Aucune r\u00e9paration, aucune fente. La jouabilit\u00e9 est excellente. Le manche large de 50mm au sillet est bien droit et tr\u00e8s agr\u00e9able. C&#8217;est un beau morceau d&#8217;acajou du Honduras. La touche, elle, est en \u00e9b\u00e8ne.\u00a0Le son est tr\u00e8s suave et tr\u00e8s chaud. Id\u00e9al pour la bossa ou s&#8217;accompagner \u00e0 la [&hellip;]<\/p>\n","protected":false},"featured_media":2736,"template":"","meta":{"_acf_changed":false},"product_brand":[],"product_cat":[15,8,30],"product_tag":[],"class_list":{"0":"post-2769","1":"product","2":"type-product","3":"status-publish","4":"has-post-thumbnail","6":"product_cat-accoustic","7":"product_cat-guitars","8":"product_cat-sold","10":"first","11":"instock","12":"shipping-taxable","13":"purchasable","14":"product-type-simple"},"acf":[],"_links":{"self":[{"href":"https:\/\/vintageguitars.fr\/en\/wp-json\/wp\/v2\/product\/2769","targetHints":{"allow":["GET"]}}],"collection":[{"href":"https:\/\/vintageguitars.fr\/en\/wp-json\/wp\/v2\/product"}],"about":[{"href":"https:\/\/vintageguitars.fr\/en\/wp-json\/wp\/v2\/types\/product"}],"wp:featuredmedia":[{"embeddable":true,"href":"https:\/\/vintageguitars.fr\/en\/wp-json\/wp\/v2\/media\/2736"}],"wp:attachment":[{"href":"https:\/\/vintageguitars.fr\/en\/wp-json\/wp\/v2\/media?parent=2769"}],"wp:term":[{"taxonomy":"product_brand","embeddable":true,"href":"https:\/\/vintageguitars.fr\/en\/wp-json\/wp\/v2\/product_brand?post=2769"},{"taxonomy":"product_cat","embeddable":true,"href":"https:\/\/vintageguitars.fr\/en\/wp-json\/wp\/v2\/product_cat?post=2769"},{"taxonomy":"product_tag","embeddable":true,"href":"https:\/\/vintageguitars.fr\/en\/wp-json\/wp\/v2\/product_tag?post=2769"}],"curies":[{"name":"wp","href":"https:\/\/api.w.org\/{rel}","templated":true}]}}